{"id":411,"date":"2021-08-27T12:19:36","date_gmt":"2021-08-27T12:19:36","guid":{"rendered":"http:\/\/dummy.xtemos.com\/woodmart2\/elementor\/?post_type=product&#038;p=411"},"modified":"2025-04-17T11:33:12","modified_gmt":"2025-04-17T11:33:12","slug":"tds-measuring-device-c-600","status":"publish","type":"product","link":"https:\/\/ozon3plus.net\/tr\/urun\/tds-measuring-device-c-600\/","title":{"rendered":"TDS \u00d6l\u00e7\u00fcm Cihaz\u0131 C-600 \u2013 7&#039;si 1 Arada Su Kalitesi Test Cihaz\u0131"},"content":{"rendered":"<div data-elementor-type=\"wp-post\" data-elementor-id=\"411\" class=\"elementor elementor-411\" data-elementor-post-type=\"product\">\n\t\t\t\t<div class=\"wd-negative-gap elementor-element elementor-element-997cfae e-flex e-con-boxed e-con e-parent\" data-id=\"997cfae\" data-element_type=\"container\" data-e-type=\"container\">\n\t\t\t\t\t<div class=\"e-con-inner\">\n\t\t<div class=\"elementor-element elementor-element-67d4c92 e-con-full e-flex e-con e-child\" data-id=\"67d4c92\" data-element_type=\"container\" data-e-type=\"container\">\n\t\t\t\t<div class=\"elementor-element elementor-element-ebb40a2 elementor-widget elementor-widget-wd_text_block\" data-id=\"ebb40a2\" data-element_type=\"widget\" data-e-type=\"widget\" data-widget_type=\"wd_text_block.default\">\n\t\t\t\t<div class=\"elementor-widget-container\">\n\t\t\t\t\t\t\t<div class=\"wd-text-block reset-last-child text-left\">\n\t\t\t\n\t\t\t<h3 class=\"\" data-start=\"145\" data-end=\"212\">\ud83d\udd2c <strong data-start=\"152\" data-end=\"212\">TDS \u00d6l\u00e7\u00fcm Cihaz\u0131 C-600 \u2013 7&#039;si 1 Arada Su Kalitesi Test Cihaz\u0131<\/strong><\/h3><p class=\"\" data-start=\"214\" data-end=\"394\"><strong data-start=\"214\" data-end=\"259\">Hassasiyetle \u00d6l\u00e7\u00fcn. Sonu\u00e7lara G\u00fcvenin.<\/strong><br data-start=\"259\" data-end=\"262\" \/>Hem profesyonellerin hem de ev kullan\u0131c\u0131lar\u0131n\u0131n temel su kalitesi parametrelerini do\u011fru bir \u015fekilde \u00f6l\u00e7mesi i\u00e7in tasarlanm\u0131\u015f, g\u00fcvenilir, hepsi bir arada bir ara\u00e7t\u0131r.<\/p><hr class=\"\" data-start=\"396\" data-end=\"399\" \/><h4 class=\"\" data-start=\"401\" data-end=\"425\">\u2705 <strong data-start=\"408\" data-end=\"425\">Ba\u015fl\u0131ca \u00d6zellikler:<\/strong><\/h4><ul data-start=\"426\" data-end=\"1579\"><li class=\"\" data-start=\"426\" data-end=\"778\"><p class=\"\" data-start=\"428\" data-end=\"453\"><strong data-start=\"428\" data-end=\"453\">7&#039;si 1 arada i\u015flevsellik:<\/strong><\/p><ul data-start=\"456\" data-end=\"778\"><li class=\"\" data-start=\"456\" data-end=\"495\"><p class=\"\" data-start=\"458\" data-end=\"495\"><strong data-start=\"458\" data-end=\"472\">TDS (PPM):<\/strong> Toplam \u00e7\u00f6z\u00fcnm\u00fc\u015f kat\u0131lar<\/p><\/li><li class=\"\" data-start=\"498\" data-end=\"531\"><p class=\"\" data-start=\"500\" data-end=\"531\"><strong data-start=\"500\" data-end=\"507\">AB:<\/strong> Elektriksel iletkenlik<\/p><\/li><li class=\"\" data-start=\"534\" data-end=\"569\"><p class=\"\" data-start=\"536\" data-end=\"569\"><strong data-start=\"536\" data-end=\"543\">pH:<\/strong> Asitlik\/alkalilik seviyeleri<\/p><\/li><li class=\"\" data-start=\"572\" data-end=\"629\"><p class=\"\" data-start=\"574\" data-end=\"629\"><strong data-start=\"574\" data-end=\"582\">ORP:<\/strong> Oksidasyon-indirgeme potansiyeli (klor seviyesi)<\/p><\/li><li class=\"\" data-start=\"632\" data-end=\"687\"><p class=\"\" data-start=\"634\" data-end=\"687\"><strong data-start=\"634\" data-end=\"647\">Tuzluluk:<\/strong> Deniz suyundaki ve g\u0131dalardaki tuz konsantrasyonu<\/p><\/li><li class=\"\" data-start=\"690\" data-end=\"731\"><p class=\"\" data-start=\"692\" data-end=\"731\"><strong data-start=\"692\" data-end=\"708\">S\u0131cakl\u0131k:<\/strong> Santigrat ve Fahrenhayt<\/p><\/li><li class=\"\" data-start=\"734\" data-end=\"778\"><p class=\"\" data-start=\"736\" data-end=\"778\"><strong data-start=\"736\" data-end=\"763\">\u00d6zg\u00fcl A\u011f\u0131rl\u0131k (SG):<\/strong> S\u0131v\u0131 yo\u011funlu\u011fu<\/p><\/li><\/ul><\/li><li class=\"\" data-start=\"780\" data-end=\"1039\"><p class=\"\" data-start=\"782\" data-end=\"810\"><strong data-start=\"782\" data-end=\"810\">Geni\u015f \u00d6l\u00e7\u00fcm Aral\u0131\u011f\u0131:<\/strong><\/p><ul data-start=\"813\" data-end=\"1039\"><li class=\"\" data-start=\"813\" data-end=\"833\"><p class=\"\" data-start=\"815\" data-end=\"833\"><strong data-start=\"815\" data-end=\"822\">pH:<\/strong> 0,00\u201314,00<\/p><\/li><li class=\"\" data-start=\"836\" data-end=\"860\"><p class=\"\" data-start=\"838\" data-end=\"860\"><strong data-start=\"838\" data-end=\"846\">SG:<\/strong> 1.000\u20131.222<\/p><\/li><li class=\"\" data-start=\"863\" data-end=\"888\"><p class=\"\" data-start=\"865\" data-end=\"888\"><strong data-start=\"865\" data-end=\"872\">AB:<\/strong> 1\u201319999 \u03bcS\/cm<\/p><\/li><li class=\"\" data-start=\"891\" data-end=\"914\"><p class=\"\" data-start=\"893\" data-end=\"914\"><strong data-start=\"893\" data-end=\"901\">TDS:<\/strong> 1\u20139999 ppm<\/p><\/li><li class=\"\" data-start=\"917\" data-end=\"948\"><p class=\"\" data-start=\"919\" data-end=\"948\"><strong data-start=\"919\" data-end=\"927\">ORP:<\/strong> -999 mV ila +999 mV<\/p><\/li><li class=\"\" data-start=\"951\" data-end=\"990\"><p class=\"\" data-start=\"953\" data-end=\"990\"><strong data-start=\"953\" data-end=\"966\">Tuzluluk:<\/strong> 0\u201325%; 10.1\u2013200.0 ppt<\/p><\/li><li class=\"\" data-start=\"993\" data-end=\"1039\"><p class=\"\" data-start=\"995\" data-end=\"1039\"><strong data-start=\"995\" data-end=\"1011\">S\u0131cakl\u0131k:<\/strong> 0,1\u201360,0\u00b0C | 32,0\u2013140,0\u00b0F<\/p><\/li><\/ul><\/li><li class=\"\" data-start=\"1041\" data-end=\"1229\"><p class=\"\" data-start=\"1043\" data-end=\"1074\"><strong data-start=\"1043\" data-end=\"1074\">Y\u00fcksek Do\u011fruluk ve \u00c7\u00f6z\u00fcn\u00fcrl\u00fck:<\/strong><\/p><ul data-start=\"1077\" data-end=\"1229\"><li class=\"\" data-start=\"1077\" data-end=\"1102\"><p class=\"\" data-start=\"1079\" data-end=\"1102\"><strong data-start=\"1079\" data-end=\"1097\">pH \u00c7\u00f6z\u00fcn\u00fcrl\u00fc\u011f\u00fc:<\/strong> 0.01<\/p><\/li><li class=\"\" data-start=\"1105\" data-end=\"1149\"><p class=\"\" data-start=\"1107\" data-end=\"1149\"><strong data-start=\"1107\" data-end=\"1131\">TDS ve AB Karar\u0131:<\/strong> 1 ppm \/ 1 \u03bcS\/cm<\/p><\/li><li class=\"\" data-start=\"1152\" data-end=\"1188\"><p class=\"\" data-start=\"1154\" data-end=\"1188\"><strong data-start=\"1154\" data-end=\"1179\">S\u0131cakl\u0131k Do\u011frulu\u011fu:<\/strong> \u00b10,5\u00b0C<\/p><\/li><li class=\"\" data-start=\"1191\" data-end=\"1229\"><p class=\"\" data-start=\"1193\" data-end=\"1229\"><strong data-start=\"1193\" data-end=\"1220\">S\u0131cakl\u0131k \u00c7\u00f6z\u00fcn\u00fcrl\u00fc\u011f\u00fc:<\/strong> 0,1\u00b0C\/\u00b0F<\/p><\/li><\/ul><\/li><li class=\"\" data-start=\"1231\" data-end=\"1481\"><p class=\"\" data-start=\"1233\" data-end=\"1260\"><strong data-start=\"1233\" data-end=\"1260\">Ak\u0131ll\u0131 ve Dayan\u0131kl\u0131 Tasar\u0131m:<\/strong><\/p><ul data-start=\"1263\" data-end=\"1481\"><li class=\"\" data-start=\"1263\" data-end=\"1291\"><p class=\"\" data-start=\"1265\" data-end=\"1291\"><strong data-start=\"1265\" data-end=\"1286\">Su ge\u00e7irmezlik seviyesi:<\/strong> IP67<\/p><\/li><li class=\"\" data-start=\"1294\" data-end=\"1351\"><p class=\"\" data-start=\"1296\" data-end=\"1351\"><strong data-start=\"1296\" data-end=\"1319\">Otomatik Kapanma:<\/strong> Pil tasarrufu i\u00e7in 5 dakika sonra.<\/p><\/li><li class=\"\" data-start=\"1354\" data-end=\"1417\"><p class=\"\" data-start=\"1356\" data-end=\"1417\"><strong data-start=\"1356\" data-end=\"1372\">LCD Ekran:<\/strong> \u0130ste\u011fe ba\u011fl\u0131 arka ayd\u0131nlatmal\u0131 net dijital ekran<\/p><\/li><li class=\"\" data-start=\"1420\" data-end=\"1481\"><p class=\"\" data-start=\"1422\" data-end=\"1481\"><strong data-start=\"1422\" data-end=\"1435\">Ta\u015f\u0131nabilir:<\/strong> Hareket halindeyken test i\u00e7in kompakt ve hafif.<\/p><\/li><\/ul><\/li><li class=\"\" data-start=\"1483\" data-end=\"1579\"><p class=\"\" data-start=\"1485\" data-end=\"1579\"><strong data-start=\"1485\" data-end=\"1506\">Kolay Bak\u0131m:<\/strong><br data-start=\"1506\" data-end=\"1509\" \/>Uzun s\u00fcreli do\u011fruluk i\u00e7in elektrotu her kullan\u0131mdan sonra temizlemeniz yeterlidir.<\/p><\/li><\/ul><hr class=\"\" data-start=\"1581\" data-end=\"1584\" \/><h4 class=\"\" data-start=\"1586\" data-end=\"1604\">\ud83d\udd0b <strong data-start=\"1594\" data-end=\"1604\">G\u00fc\u00e7:<\/strong><\/h4><ul data-start=\"1605\" data-end=\"1647\"><li class=\"\" data-start=\"1605\" data-end=\"1647\"><p class=\"\" data-start=\"1607\" data-end=\"1647\">3 adet 1,5V LR44 d\u00fc\u011fme pil kullan\u0131r.<\/p><\/li><\/ul><h4 class=\"\" data-start=\"1649\" data-end=\"1681\">\ud83c\udf0d <strong data-start=\"1657\" data-end=\"1679\">Men\u015fei \u00fclke:<\/strong><\/h4><p class=\"\" data-start=\"1682\" data-end=\"1691\"><strong data-start=\"1682\" data-end=\"1691\">\u00c7in<\/strong><\/p>\n\t\t\t\t\t<\/div>\n\t\t\t\t\t\t<\/div>\n\t\t\t\t<\/div>\n\t\t\t\t<\/div>\n\t\t\t\t\t<\/div>\n\t\t\t\t<\/div>\n\t\t\t\t<\/div>","protected":false},"excerpt":{"rendered":"<h3 class=\"\" data-start=\"145\" data-end=\"212\">\ud83d\udd2c <strong data-start=\"152\" data-end=\"212\">TDS \u00d6l\u00e7\u00fcm Cihaz\u0131 C-600 \u2013 7&#039;si 1 Arada Su Kalitesi Test Cihaz\u0131<\/strong><\/h3>\n<p class=\"\" data-start=\"214\" data-end=\"394\"><strong data-start=\"214\" data-end=\"259\">Hassasiyetle \u00d6l\u00e7\u00fcn. Sonu\u00e7lara G\u00fcvenin.<\/strong><br data-start=\"259\" data-end=\"262\" \/>Hem profesyonellerin hem de ev kullan\u0131c\u0131lar\u0131n\u0131n temel su kalitesi parametrelerini do\u011fru bir \u015fekilde \u00f6l\u00e7mesi i\u00e7in tasarlanm\u0131\u015f, g\u00fcvenilir, hepsi bir arada bir ara\u00e7t\u0131r.<\/p>","protected":false},"featured_media":28394,"comment_status":"open","ping_status":"closed","template":"","meta":[],"product_brand":[65],"product_cat":[45,42],"product_tag":[],"class_list":{"0":"post-411","1":"product","2":"type-product","3":"status-publish","4":"has-post-thumbnail","6":"product_brand-water-treatment","7":"product_cat-industrial-water-treatment","8":"product_cat-water-treatment","10":"first","11":"instock","12":"shipping-taxable","13":"purchasable","14":"product-type-simple"},"_links":{"self":[{"href":"https:\/\/ozon3plus.net\/tr\/wp-json\/wp\/v2\/product\/411","targetHints":{"allow":["GET"]}}],"collection":[{"href":"https:\/\/ozon3plus.net\/tr\/wp-json\/wp\/v2\/product"}],"about":[{"href":"https:\/\/ozon3plus.net\/tr\/wp-json\/wp\/v2\/types\/product"}],"replies":[{"embeddable":true,"href":"https:\/\/ozon3plus.net\/tr\/wp-json\/wp\/v2\/comments?post=411"}],"version-history":[{"count":13,"href":"https:\/\/ozon3plus.net\/tr\/wp-json\/wp\/v2\/product\/411\/revisions"}],"predecessor-version":[{"id":28395,"href":"https:\/\/ozon3plus.net\/tr\/wp-json\/wp\/v2\/product\/411\/revisions\/28395"}],"wp:featuredmedia":[{"embeddable":true,"href":"https:\/\/ozon3plus.net\/tr\/wp-json\/wp\/v2\/media\/28394"}],"wp:attachment":[{"href":"https:\/\/ozon3plus.net\/tr\/wp-json\/wp\/v2\/media?parent=411"}],"wp:term":[{"taxonomy":"product_brand","embeddable":true,"href":"https:\/\/ozon3plus.net\/tr\/wp-json\/wp\/v2\/product_brand?post=411"},{"taxonomy":"product_cat","embeddable":true,"href":"https:\/\/ozon3plus.net\/tr\/wp-json\/wp\/v2\/product_cat?post=411"},{"taxonomy":"product_tag","embeddable":true,"href":"https:\/\/ozon3plus.net\/tr\/wp-json\/wp\/v2\/product_tag?post=411"}],"curies":[{"name":"wp","href":"https:\/\/api.w.org\/{rel}","templated":true}]}}