{"id":395,"date":"2021-08-27T12:11:46","date_gmt":"2021-08-27T12:11:46","guid":{"rendered":"http:\/\/dummy.xtemos.com\/woodmart2\/elementor\/?post_type=product&#038;p=395"},"modified":"2025-04-24T15:11:07","modified_gmt":"2025-04-24T15:11:07","slug":"ornare-auctor","status":"publish","type":"product","link":"https:\/\/ozon3plus.net\/tr\/urun\/ornare-auctor\/","title":{"rendered":"F\u0130LMTECH MEMBRAN 4040"},"content":{"rendered":"","protected":false},"excerpt":{"rendered":"<p><img fetchpriority=\"high\" decoding=\"async\" class=\"alignnone size-medium wp-image-28411\" src=\"https:\/\/ozon3plus.net\/wp-content\/uploads\/2021\/08\/FILMTECHMEMBRAN5-300x300.jpeg\" alt=\"\" width=\"300\" height=\"300\" srcset=\"https:\/\/ozon3plus.net\/wp-content\/uploads\/2021\/08\/FILMTECHMEMBRAN5-300x300.jpeg 300w, https:\/\/ozon3plus.net\/wp-content\/uploads\/2021\/08\/FILMTECHMEMBRAN5-150x150.jpeg 150w, https:\/\/ozon3plus.net\/wp-content\/uploads\/2021\/08\/FILMTECHMEMBRAN5-430x430.jpeg 430w, https:\/\/ozon3plus.net\/wp-content\/uploads\/2021\/08\/FILMTECHMEMBRAN5-12x12.jpeg 12w, https:\/\/ozon3plus.net\/wp-content\/uploads\/2021\/08\/FILMTECHMEMBRAN5.jpeg 500w\" sizes=\"(max-width: 300px) 100vw, 300px\" \/>End\u00fcstriyel su ar\u0131tma sistemlerinde kullan\u0131lan RO ters ozmoz membran filtre.<\/p>\n<p>Ters ozmoz y\u00f6ntemi, y\u00fcksek konsantrasyonlu suyun kimyasal tuzlarla ar\u0131t\u0131lmas\u0131yla saf suya yak\u0131n d\u00fc\u015f\u00fck konsantrasyonlu su elde etmek i\u00e7in kullan\u0131lan bir ar\u0131tma teknolojisidir.<\/p>\n<p>Tuz konsantrasyonu 1500 PPM&#039;den d\u00fc\u015f\u00fck olan belediye sular\u0131n\u0131n ve yeralt\u0131 sular\u0131n\u0131n tuzdan ar\u0131nd\u0131r\u0131lmas\u0131nda kullan\u0131l\u0131r.<\/p>\n<p>Konutlarda ikili su temin sistemlerinde, saf su haz\u0131rlama tesislerinde, sanayide, g\u0131da \u00fcretiminde ve di\u011fer alanlarda yayg\u0131n olarak kullan\u0131labilir.<\/p>\n<p>Ters Ozmoz Sistemi Membran Yap\u0131s\u0131; En s\u0131k kullan\u0131lan membran tipi TFC (ince film kompozit) spiral sar\u0131ml\u0131 membrand\u0131r.<\/p>\n<p>TFC membran\u0131 poliamid\/polis\u00fclfon esasl\u0131 polimer malzemeden \u00fcretilmektedir.<\/p>\n<p>Standart membran \u00e7aplar\u0131 4\u201d in\u00e7tir.<\/p>\n<p>Standart membran uzunlu\u011fu 40\u201d in\u00e7tir (yakla\u015f\u0131k 1 mt).<\/p>","protected":false},"featured_media":28398,"comment_status":"open","ping_status":"closed","template":"","meta":[],"product_brand":[89,65],"product_cat":[45,88],"product_tag":[],"class_list":{"0":"post-395","1":"product","2":"type-product","3":"status-publish","4":"has-post-thumbnail","6":"product_brand-filmtech","7":"product_brand-water-treatment","8":"product_cat-industrial-water-treatment","9":"product_cat-membranes","11":"first","12":"instock","13":"shipping-taxable","14":"purchasable","15":"product-type-simple"},"_links":{"self":[{"href":"https:\/\/ozon3plus.net\/tr\/wp-json\/wp\/v2\/product\/395","targetHints":{"allow":["GET"]}}],"collection":[{"href":"https:\/\/ozon3plus.net\/tr\/wp-json\/wp\/v2\/product"}],"about":[{"href":"https:\/\/ozon3plus.net\/tr\/wp-json\/wp\/v2\/types\/product"}],"replies":[{"embeddable":true,"href":"https:\/\/ozon3plus.net\/tr\/wp-json\/wp\/v2\/comments?post=395"}],"version-history":[{"count":6,"href":"https:\/\/ozon3plus.net\/tr\/wp-json\/wp\/v2\/product\/395\/revisions"}],"predecessor-version":[{"id":28471,"href":"https:\/\/ozon3plus.net\/tr\/wp-json\/wp\/v2\/product\/395\/revisions\/28471"}],"wp:featuredmedia":[{"embeddable":true,"href":"https:\/\/ozon3plus.net\/tr\/wp-json\/wp\/v2\/media\/28398"}],"wp:attachment":[{"href":"https:\/\/ozon3plus.net\/tr\/wp-json\/wp\/v2\/media?parent=395"}],"wp:term":[{"taxonomy":"product_brand","embeddable":true,"href":"https:\/\/ozon3plus.net\/tr\/wp-json\/wp\/v2\/product_brand?post=395"},{"taxonomy":"product_cat","embeddable":true,"href":"https:\/\/ozon3plus.net\/tr\/wp-json\/wp\/v2\/product_cat?post=395"},{"taxonomy":"product_tag","embeddable":true,"href":"https:\/\/ozon3plus.net\/tr\/wp-json\/wp\/v2\/product_tag?post=395"}],"curies":[{"name":"wp","href":"https:\/\/api.w.org\/{rel}","templated":true}]}}