{"id":381,"date":"2021-08-27T12:02:01","date_gmt":"2021-08-27T12:02:01","guid":{"rendered":"http:\/\/dummy.xtemos.com\/woodmart2\/elementor\/?post_type=product&#038;p=381"},"modified":"2025-04-24T15:17:09","modified_gmt":"2025-04-24T15:17:09","slug":"ozone-generator","status":"publish","type":"product","link":"https:\/\/ozon3plus.net\/tr\/urun\/ozone-generator\/","title":{"rendered":"Ozon Jenerat\u00f6r\u00fc"},"content":{"rendered":"<div data-elementor-type=\"wp-post\" data-elementor-id=\"381\" class=\"elementor elementor-381\" data-elementor-post-type=\"product\">\n\t\t\t\t<div class=\"wd-negative-gap elementor-element elementor-element-2f0d357 e-flex e-con-boxed e-con e-parent\" data-id=\"2f0d357\" data-element_type=\"container\" data-e-type=\"container\">\n\t\t\t\t\t<div class=\"e-con-inner\">\n\t\t\t\t<div class=\"elementor-element elementor-element-fbaa851 elementor-widget__width-initial elementor-widget elementor-widget-wd_text_block\" data-id=\"fbaa851\" data-element_type=\"widget\" data-e-type=\"widget\" data-widget_type=\"wd_text_block.default\">\n\t\t\t\t<div class=\"elementor-widget-container\">\n\t\t\t\t\t\t\t<div class=\"wd-text-block reset-last-child text-left\">\n\t\t\t\n\t\t\t<h1 class=\"product_title entry-title wd-entities-title\">Ozon Jenerat\u00f6r\u00fc 3g\/h-5g\/h-10g\/h-15g\/h<\/h1><p>O3 \u00c7IKI\u015eI: Giri\u015f voltaj\u0131: 220v.; Maksimum g\u00fc\u00e7: 85W Ozon \u00e7\u0131k\u0131\u015f\u0131: 3g\/sa-5g\/sa-10g\/sa-15g\/sa Makine boyutlar\u0131: Uzunluk 200mm \u00d7 Geni\u015flik 280mm \u00d7 Y\u00fckseklik 480mm.; Makine a\u011f\u0131rl\u0131\u011f\u0131: 5kg.; Malzeme: Paslanmaz \u00e7elik.; Ozonun su \u00fczerindeki etkisi esas olarak a\u015fa\u011f\u0131daki y\u00f6nlerde kendini g\u00f6sterir: Sterilizasyon ve dezenfeksiyon: G\u00fc\u00e7l\u00fc oksitleyici \u00f6zelli\u011fi ile ozon, sudaki bakterileri, vir\u00fcsleri ve di\u011fer mikroorganizmalar\u0131 etkili bir \u015fekilde \u00f6ld\u00fcrerek su g\u00fcvenli\u011fini sa\u011flar.; Koku ve renk giderme: Ozon, sudaki organik maddeleri zarars\u0131z maddelere oksitleyip ayr\u0131\u015ft\u0131rarak sudaki koku ve rengi giderir ve suyun duyusal kalitesini iyile\u015ftirir.; \u00c7\u00f6z\u00fcnm\u00fc\u015f oksijeni art\u0131rma: Ozon, havadaki oksijeni tek tek oksijen atomlar\u0131na ayr\u0131\u015ft\u0131rabilir ve suda k\u00fc\u00e7\u00fck kabarc\u0131klar olu\u015fturabilir, b\u00f6ylece sudaki \u00e7\u00f6z\u00fcnm\u00fc\u015f oksijen i\u00e7eri\u011fini art\u0131r\u0131r.; Y\u00fcksek \u00e7\u00f6z\u00fcnm\u00fc\u015f oksijen i\u00e7eri\u011fine sahip su, bal\u0131klar\u0131n metabolizmas\u0131n\u0131 iyile\u015ftirebilir ve b\u00fcy\u00fcme h\u0131zlar\u0131n\u0131 ve \u00fcretkenliklerini art\u0131rabilir.; Organik maddelerin ayr\u0131\u015ft\u0131r\u0131lmas\u0131 ve kirleticilerin giderilmesi: Ozon, sudaki organik ve inorganik maddeleri oksitleyebilir ve ayr\u0131\u015ft\u0131rabilir, demir ve manganez gibi \u00e7\u00f6z\u00fcnebilir tuzlar\u0131 giderebilir ve su kalitesini iyile\u015ftirebilir.; Bu arada, ozon ayr\u0131ca sudaki COD ve BOD maddelerini de gidererek su kalitesinin iyile\u015ftirilmesine yard\u0131mc\u0131 olur.; P\u0131ht\u0131la\u015fma yard\u0131m\u0131: Su ar\u0131tma s\u00fcrecinde, ozon ayr\u0131ca tortular\u0131n olu\u015fmas\u0131na ve giderilmesine yard\u0131mc\u0131 olan belirli bir p\u0131ht\u0131la\u015fma etkisine sahiptir ve suyun berrakl\u0131\u011f\u0131n\u0131 daha da art\u0131r\u0131r.; Bu nedenle, ozon i\u00e7me suyu, y\u00fczme havuzu suyu ve su \u00fcr\u00fcnleri yeti\u015ftiricili\u011fi suyunun ar\u0131t\u0131m\u0131nda geni\u015f bir uygulama alan\u0131na sahiptir ve g\u00fcvenli, sa\u011fl\u0131kl\u0131 ve temiz bir su ortam\u0131na katk\u0131da bulunur.; Ayn\u0131 zamanda, ozonlu su ar\u0131tma i\u015flemi kirlilik i\u00e7ermez, kal\u0131nt\u0131 b\u0131rakmaz, koku \u00fcretmez ve suyun tad\u0131n\u0131 etkilemez.<\/p>\n\t\t\t\t\t<\/div>\n\t\t\t\t\t\t<\/div>\n\t\t\t\t<\/div>\n\t\t\t\t<div class=\"elementor-element elementor-element-da6c73c elementor-widget__width-initial elementor-widget elementor-widget-wd_image_or_svg\" data-id=\"da6c73c\" data-element_type=\"widget\" data-e-type=\"widget\" data-widget_type=\"wd_image_or_svg.default\">\n\t\t\t\t<div class=\"elementor-widget-container\">\n\t\t\t\t\t\n\t\t<div class=\"wd-image text-right\">\n\t\t\t\t\t\t\t\t<img fetchpriority=\"high\" decoding=\"async\" width=\"700\" height=\"353\" src=\"https:\/\/ozon3plus.net\/wp-content\/uploads\/2021\/08\/ozon.jpg\" class=\"attachment-full size-full\" alt=\"\" srcset=\"https:\/\/ozon3plus.net\/wp-content\/uploads\/2021\/08\/ozon.jpg 700w, https:\/\/ozon3plus.net\/wp-content\/uploads\/2021\/08\/ozon-150x76.jpg 150w, https:\/\/ozon3plus.net\/wp-content\/uploads\/2021\/08\/ozon-400x202.jpg 400w, https:\/\/ozon3plus.net\/wp-content\/uploads\/2021\/08\/ozon-18x9.jpg 18w\" sizes=\"(max-width: 700px) 100vw, 700px\" \/>\t\t\t\t\t<\/div>\n\n\t\t\t\t\t\t<\/div>\n\t\t\t\t<\/div>\n\t\t\t\t\t<\/div>\n\t\t\t\t<\/div>\n\t\t\t\t<\/div>","protected":false},"excerpt":{"rendered":"<h1 class=\"product_title entry-title wd-entities-title\">3g\/saat-5g\/saat-10g\/saat-15g\/saat<\/h1>\n<p>Ozonun su \u00fczerindeki etkisi esas olarak a\u015fa\u011f\u0131daki y\u00f6nlerden ortaya \u00e7\u0131kar: Sterilizasyon ve dezenfeksiyon: G\u00fc\u00e7l\u00fc oksitleyici \u00f6zelli\u011fiyle ozon, sudaki bakteri, vir\u00fcs ve di\u011fer mikroorganizmalar\u0131 etkili bir \u015fekilde \u00f6ld\u00fcrerek su g\u00fcvenli\u011fini sa\u011flar.; Koku ve renk giderme: Ozon, sudaki organik maddeleri oksitleyip zarars\u0131z maddelere ayr\u0131\u015ft\u0131rarak sudaki koku ve rengi giderir ve suyun duyusal kalitesini art\u0131r\u0131r.<\/p>","protected":false},"featured_media":28414,"comment_status":"open","ping_status":"closed","template":"","meta":[],"product_brand":[65],"product_cat":[45,61,43],"product_tag":[],"class_list":{"0":"post-381","1":"product","2":"type-product","3":"status-publish","4":"has-post-thumbnail","6":"product_brand-water-treatment","7":"product_cat-industrial-water-treatment","8":"product_cat-medical","9":"product_cat-ozon3","11":"first","12":"instock","13":"shipping-taxable","14":"purchasable","15":"product-type-simple"},"_links":{"self":[{"href":"https:\/\/ozon3plus.net\/tr\/wp-json\/wp\/v2\/product\/381","targetHints":{"allow":["GET"]}}],"collection":[{"href":"https:\/\/ozon3plus.net\/tr\/wp-json\/wp\/v2\/product"}],"about":[{"href":"https:\/\/ozon3plus.net\/tr\/wp-json\/wp\/v2\/types\/product"}],"replies":[{"embeddable":true,"href":"https:\/\/ozon3plus.net\/tr\/wp-json\/wp\/v2\/comments?post=381"}],"version-history":[{"count":7,"href":"https:\/\/ozon3plus.net\/tr\/wp-json\/wp\/v2\/product\/381\/revisions"}],"predecessor-version":[{"id":28451,"href":"https:\/\/ozon3plus.net\/tr\/wp-json\/wp\/v2\/product\/381\/revisions\/28451"}],"wp:featuredmedia":[{"embeddable":true,"href":"https:\/\/ozon3plus.net\/tr\/wp-json\/wp\/v2\/media\/28414"}],"wp:attachment":[{"href":"https:\/\/ozon3plus.net\/tr\/wp-json\/wp\/v2\/media?parent=381"}],"wp:term":[{"taxonomy":"product_brand","embeddable":true,"href":"https:\/\/ozon3plus.net\/tr\/wp-json\/wp\/v2\/product_brand?post=381"},{"taxonomy":"product_cat","embeddable":true,"href":"https:\/\/ozon3plus.net\/tr\/wp-json\/wp\/v2\/product_cat?post=381"},{"taxonomy":"product_tag","embeddable":true,"href":"https:\/\/ozon3plus.net\/tr\/wp-json\/wp\/v2\/product_tag?post=381"}],"curies":[{"name":"wp","href":"https:\/\/api.w.org\/{rel}","templated":true}]}}