{"id":372,"date":"2021-08-27T11:59:19","date_gmt":"2021-08-27T11:59:19","guid":{"rendered":"http:\/\/dummy.xtemos.com\/woodmart2\/elementor\/?post_type=product&#038;p=372"},"modified":"2025-04-30T14:32:31","modified_gmt":"2025-04-30T14:32:31","slug":"dms200-seko-dosing-pump","status":"publish","type":"product","link":"https:\/\/ozon3plus.net\/tr\/urun\/dms200-seko-dosing-pump\/","title":{"rendered":"DMS200 SEKO Dozaj pompas\u0131"},"content":{"rendered":"<div data-elementor-type=\"wp-post\" data-elementor-id=\"372\" class=\"elementor elementor-372\" data-elementor-post-type=\"product\">\n\t\t\t\t<div class=\"wd-negative-gap elementor-element elementor-element-53eea44 e-flex e-con-boxed e-con e-parent\" data-id=\"53eea44\" data-element_type=\"container\" data-e-type=\"container\">\n\t\t\t\t\t<div class=\"e-con-inner\">\n\t\t<div class=\"elementor-element elementor-element-cc8e042 e-con-full e-flex e-con e-child\" data-id=\"cc8e042\" data-element_type=\"container\" data-e-type=\"container\">\n\t\t\t\t<div class=\"elementor-element elementor-element-4a8a87a elementor-widget elementor-widget-wd_text_block\" data-id=\"4a8a87a\" data-element_type=\"widget\" data-e-type=\"widget\" data-widget_type=\"wd_text_block.default\">\n\t\t\t\t<div class=\"elementor-widget-container\">\n\t\t\t\t\t\t\t<div class=\"wd-text-block reset-last-child text-left\">\n\t\t\t\n\t\t\t<p>SEKO Dozaj Pompas\u0131 Model : DMS 200 S\u0131v\u0131 : Asit\/Kimyasal Dozaj Ba\u015fl\u0131\u011f\u0131 : PVDF Kesit, \u00c7\u0131k\u0131\u015f : PPE Diyafram Malzemesi : EPDM Sp.; Yer\u00e7ekimi : 1 kg\/dm3 S\u0131cakl\u0131k : Ortam De\u015farj Kapasitesi : 2-9 LPH Toplam Dinamik Ba\u015fl\u0131\u011f\u0131 : 10Bar Tahrik Motoru : 14 W Standardizasyon : ISO 9001, 2008 Valf Bilyas\u0131 Malzemesi : Al\u00fcmina Seramik O-ring : FKM \/ EPDM Conta ve Conta : EPDM \/ FPM Marka : SEKO Men\u015fei : \u0130talya Hassas Dozajlama: Eco Dozaj Pompas\u0131, s\u0131v\u0131lar\u0131n veya kimyasallar\u0131n hassas ve tutarl\u0131 bir \u015fekilde dozlanmas\u0131n\u0131 sa\u011flar ve bu da onu do\u011fru \u00f6l\u00e7\u00fcm\u00fcn \u00e7ok \u00f6nemli oldu\u011fu uygulamalar i\u00e7in ideal hale getirir.; Kullan\u0131c\u0131lar\u0131n y\u00fcksek hassasiyetle belirli dozaj oranlar\u0131 ve hacimleri ayarlamas\u0131na olanak tan\u0131r.; Ayarlanabilir Debi: Bu dozaj pompas\u0131, kullan\u0131c\u0131lar\u0131n dozaj\u0131 uygulaman\u0131n \u00f6zel ihtiya\u00e7lar\u0131na g\u00f6re uyarlamas\u0131na olanak tan\u0131yan ayarlanabilir debi ayarlar\u0131 sunar.; Debi, sezgisel kontroller kullan\u0131larak kolayca ayarlanabilir.; ; Dijital Ekran: Dozaj pompas\u0131, dozaj oran\u0131, hacim ve \u00e7al\u0131\u015fma durumu hakk\u0131nda ger\u00e7ek zamanl\u0131 bilgi sa\u011flayan net ve okunmas\u0131 kolay bir dijital ekranla donat\u0131lm\u0131\u015ft\u0131r.; Ekranda hata uyar\u0131lar\u0131 veya di\u011fer \u00f6nemli bildirimler de g\u00f6r\u00fcnt\u00fclenebilir.; ; \u00c7oklu \u00d6l\u00e7\u00fcm Birimleri: Eco Dozaj Pompas\u0131, genellikle dakika ba\u015f\u0131na mililitre (mL\/dak) veya saat ba\u015f\u0131na litre (L\/sa) dahil olmak \u00fczere \u00e7e\u015fitli \u00f6l\u00e7\u00fcm birimlerini destekleyerek \u00e7e\u015fitli dozaj ihtiya\u00e7lar\u0131n\u0131 kar\u015f\u0131lama esnekli\u011fi sunar.; Polimer Dozaj Pompas\u0131 SEKO AKS800; G\u00fcvenilir Performans: Y\u00fcksek kaliteli malzemelerden ve hassas m\u00fchendislikle \u00fcretilmi\u015f bile\u015fenlerden \u00fcretilen dozaj pompas\u0131, zorlu ko\u015fullar alt\u0131nda bile g\u00fcvenilir ve tutarl\u0131 performans sunar.; A\u015f\u0131nmaya ve y\u0131pranmaya kar\u015f\u0131 dayan\u0131kl\u0131 olacak \u015fekilde tasarlanm\u0131\u015ft\u0131r ve uzun \u00f6m\u00fcrl\u00fc \u00e7al\u0131\u015fma sa\u011flar.; ; Kolay Kurulum ve Ayarlama: Dozaj pompas\u0131, kullan\u0131c\u0131lar\u0131n pompay\u0131 mevcut sistemlerine entegre etmelerini kolayla\u015ft\u0131ran basit kurulum talimatlar\u0131 ve kurulum prosed\u00fcrleriyle birlikte gelir.; Ek kolayl\u0131k i\u00e7in birden fazla montaj se\u00e7ene\u011fi mevcuttur.; ; Programlanabilir Dozaj Programlar\u0131: Eco Dozaj Pompas\u0131n\u0131n baz\u0131 modelleri, kullan\u0131c\u0131lar\u0131n belirli aral\u0131klarla veya zaman dilimlerinde dozaj\u0131 otomatikle\u015ftirmesine olanak tan\u0131yan programlanabilir dozaj programlar\u0131 sunar.; Bu \u00f6zellik verimlili\u011fi art\u0131r\u0131r ve manuel m\u00fcdahaleyi azalt\u0131r.; ; G\u00fcvenlik \u00d6zellikleri: G\u00fcvenlik bir \u00f6nceliktir ve dozaj pompas\u0131, s\u0131z\u0131nt\u0131 tespiti, a\u015f\u0131r\u0131 bas\u0131n\u00e7 korumas\u0131 ve d\u00fc\u015f\u00fck seviye alarmlar\u0131 gibi g\u00fcvenlik \u00f6zellikleriyle donat\u0131lm\u0131\u015ft\u0131r.; Bu \u00f6zellikler, kazalar\u0131 ve olas\u0131 hasarlar\u0131 \u00f6nlemeye yard\u0131mc\u0131 olur.; ; Uyumluluk: Eco Dozaj Pompas\u0131, su ar\u0131tma, kimyasal i\u015fleme, tar\u0131m, su \u00fcr\u00fcnleri yeti\u015ftiricili\u011fi ve daha fazlas\u0131 dahil olmak \u00fczere \u00e7e\u015fitli end\u00fcstriler i\u00e7in uygun hale getiren \u00e7ok \u00e7e\u015fitli s\u0131v\u0131 ve kimyasallar\u0131 i\u015flemek \u00fczere tasarlanm\u0131\u015ft\u0131r.; ; Enerji Verimlili\u011fi: Dozaj, enerji verimli olacak \u015fekilde tasarlanm\u0131\u015ft\u0131r, \u00e7al\u0131\u015fma s\u0131ras\u0131nda g\u00fc\u00e7 t\u00fcketimini azalt\u0131r ve uzun vadeli maliyet tasarruflar\u0131na katk\u0131da bulunur.; ; Uzaktan Kumanda Kabiliyeti: Baz\u0131 modeller, kullan\u0131c\u0131lar\u0131n merkezi bir kontrol sisteminden veya ba\u011fl\u0131 bir cihazdan dozaj parametrelerini izlemesine ve ayarlamas\u0131na olanak tan\u0131yan uzaktan kumanda \u00f6zellikleri sunabilir.; ;<\/p>\n\t\t\t\t\t<\/div>\n\t\t\t\t\t\t<\/div>\n\t\t\t\t<\/div>\n\t\t\t\t<\/div>\n\t\t<div class=\"elementor-element elementor-element-2136194 e-con-full e-flex e-con e-child\" data-id=\"2136194\" data-element_type=\"container\" data-e-type=\"container\">\n\t\t\t\t<div class=\"elementor-element elementor-element-e17d3f0 elementor-widget elementor-widget-wd_image_or_svg\" data-id=\"e17d3f0\" data-element_type=\"widget\" data-e-type=\"widget\" data-widget_type=\"wd_image_or_svg.default\">\n\t\t\t\t<div class=\"elementor-widget-container\">\n\t\t\t\t\t\n\t\t<div class=\"wd-image text-left\">\n\t\t\t\t\t\t\t\t<img fetchpriority=\"high\" decoding=\"async\" width=\"1500\" height=\"2000\" src=\"https:\/\/ozon3plus.net\/wp-content\/uploads\/2021\/08\/SEKODozajpompasi3.jpeg\" class=\"attachment-full size-full\" alt=\"\" srcset=\"https:\/\/ozon3plus.net\/wp-content\/uploads\/2021\/08\/SEKODozajpompasi3.jpeg 1500w, https:\/\/ozon3plus.net\/wp-content\/uploads\/2021\/08\/SEKODozajpompasi3-150x200.jpeg 150w, https:\/\/ozon3plus.net\/wp-content\/uploads\/2021\/08\/SEKODozajpompasi3-900x1200.jpeg 900w, https:\/\/ozon3plus.net\/wp-content\/uploads\/2021\/08\/SEKODozajpompasi3-225x300.jpeg 225w, https:\/\/ozon3plus.net\/wp-content\/uploads\/2021\/08\/SEKODozajpompasi3-600x800.jpeg 600w, https:\/\/ozon3plus.net\/wp-content\/uploads\/2021\/08\/SEKODozajpompasi3-768x1024.jpeg 768w, https:\/\/ozon3plus.net\/wp-content\/uploads\/2021\/08\/SEKODozajpompasi3-1152x1536.jpeg 1152w, https:\/\/ozon3plus.net\/wp-content\/uploads\/2021\/08\/SEKODozajpompasi3-9x12.jpeg 9w\" sizes=\"(max-width: 1500px) 100vw, 1500px\" \/>\t\t\t\t\t<\/div>\n\n\t\t\t\t\t\t<\/div>\n\t\t\t\t<\/div>\n\t\t\t\t<\/div>\n\t\t<div class=\"elementor-element elementor-element-738f371 e-con-full e-flex e-con e-child\" data-id=\"738f371\" data-element_type=\"container\" data-e-type=\"container\">\n\t\t\t\t<div class=\"elementor-element elementor-element-5586eab elementor-widget elementor-widget-wd_image_or_svg\" data-id=\"5586eab\" data-element_type=\"widget\" data-e-type=\"widget\" data-widget_type=\"wd_image_or_svg.default\">\n\t\t\t\t<div class=\"elementor-widget-container\">\n\t\t\t\t\t\n\t\t<div class=\"wd-image text-left\">\n\t\t\t\t\t\t\t\t<img decoding=\"async\" width=\"1500\" height=\"2000\" src=\"https:\/\/ozon3plus.net\/wp-content\/uploads\/2021\/08\/SEKODozajpompasi2.jpeg\" class=\"attachment-full size-full\" alt=\"\" srcset=\"https:\/\/ozon3plus.net\/wp-content\/uploads\/2021\/08\/SEKODozajpompasi2.jpeg 1500w, https:\/\/ozon3plus.net\/wp-content\/uploads\/2021\/08\/SEKODozajpompasi2-150x200.jpeg 150w, https:\/\/ozon3plus.net\/wp-content\/uploads\/2021\/08\/SEKODozajpompasi2-900x1200.jpeg 900w, https:\/\/ozon3plus.net\/wp-content\/uploads\/2021\/08\/SEKODozajpompasi2-225x300.jpeg 225w, https:\/\/ozon3plus.net\/wp-content\/uploads\/2021\/08\/SEKODozajpompasi2-600x800.jpeg 600w, https:\/\/ozon3plus.net\/wp-content\/uploads\/2021\/08\/SEKODozajpompasi2-768x1024.jpeg 768w, https:\/\/ozon3plus.net\/wp-content\/uploads\/2021\/08\/SEKODozajpompasi2-1152x1536.jpeg 1152w, https:\/\/ozon3plus.net\/wp-content\/uploads\/2021\/08\/SEKODozajpompasi2-9x12.jpeg 9w\" sizes=\"(max-width: 1500px) 100vw, 1500px\" \/>\t\t\t\t\t<\/div>\n\n\t\t\t\t\t\t<\/div>\n\t\t\t\t<\/div>\n\t\t\t\t<\/div>\n\t\t\t\t\t<\/div>\n\t\t\t\t<\/div>\n\t\t\t\t<\/div>","protected":false},"excerpt":{"rendered":"<p>SEKO Dozaj Pompas\u0131 Model: DMS 200 S\u0131v\u0131: Asit\/Kimyasal Dozaj Ba\u015fl\u0131\u011f\u0131<\/p>","protected":false},"featured_media":28425,"comment_status":"open","ping_status":"closed","template":"","meta":[],"product_brand":[91],"product_cat":[90],"product_tag":[93,92,94],"class_list":{"0":"post-372","1":"product","2":"type-product","3":"status-publish","4":"has-post-thumbnail","6":"product_brand-seko","7":"product_cat-pumps","8":"product_tag-dosing","9":"product_tag-pump","10":"product_tag-seko","12":"first","13":"instock","14":"sale","15":"shipping-taxable","16":"purchasable","17":"product-type-simple"},"_links":{"self":[{"href":"https:\/\/ozon3plus.net\/tr\/wp-json\/wp\/v2\/product\/372","targetHints":{"allow":["GET"]}}],"collection":[{"href":"https:\/\/ozon3plus.net\/tr\/wp-json\/wp\/v2\/product"}],"about":[{"href":"https:\/\/ozon3plus.net\/tr\/wp-json\/wp\/v2\/types\/product"}],"replies":[{"embeddable":true,"href":"https:\/\/ozon3plus.net\/tr\/wp-json\/wp\/v2\/comments?post=372"}],"version-history":[{"count":6,"href":"https:\/\/ozon3plus.net\/tr\/wp-json\/wp\/v2\/product\/372\/revisions"}],"predecessor-version":[{"id":28452,"href":"https:\/\/ozon3plus.net\/tr\/wp-json\/wp\/v2\/product\/372\/revisions\/28452"}],"wp:featuredmedia":[{"embeddable":true,"href":"https:\/\/ozon3plus.net\/tr\/wp-json\/wp\/v2\/media\/28425"}],"wp:attachment":[{"href":"https:\/\/ozon3plus.net\/tr\/wp-json\/wp\/v2\/media?parent=372"}],"wp:term":[{"taxonomy":"product_brand","embeddable":true,"href":"https:\/\/ozon3plus.net\/tr\/wp-json\/wp\/v2\/product_brand?post=372"},{"taxonomy":"product_cat","embeddable":true,"href":"https:\/\/ozon3plus.net\/tr\/wp-json\/wp\/v2\/product_cat?post=372"},{"taxonomy":"product_tag","embeddable":true,"href":"https:\/\/ozon3plus.net\/tr\/wp-json\/wp\/v2\/product_tag?post=372"}],"curies":[{"name":"wp","href":"https:\/\/api.w.org\/{rel}","templated":true}]}}