{"id":361,"date":"2021-08-27T11:55:26","date_gmt":"2021-08-27T11:55:26","guid":{"rendered":"http:\/\/dummy.xtemos.com\/woodmart2\/elementor\/?post_type=product&#038;p=361"},"modified":"2025-11-26T11:58:13","modified_gmt":"2025-11-26T11:58:13","slug":"iphone-dock","status":"publish","type":"product","link":"https:\/\/ozon3plus.net\/tr\/urun\/iphone-dock\/","title":{"rendered":"SU ARITMA D\u0130RSEK 100 ADET DNT"},"content":{"rendered":"<div data-elementor-type=\"wp-post\" data-elementor-id=\"361\" class=\"elementor elementor-361\" data-elementor-post-type=\"product\">\n\t\t\t\t<div class=\"wd-negative-gap elementor-element elementor-element-7ba917d e-flex e-con-boxed e-con e-parent\" data-id=\"7ba917d\" data-element_type=\"container\" data-e-type=\"container\">\n\t\t\t\t\t<div class=\"e-con-inner\">\n\t\t<div class=\"elementor-element elementor-element-836b10c e-con-full e-flex e-con e-child\" data-id=\"836b10c\" data-element_type=\"container\" data-e-type=\"container\">\n\t\t\t\t<div class=\"elementor-element elementor-element-1cb5edc elementor-widget elementor-widget-wd_text_block\" data-id=\"1cb5edc\" data-element_type=\"widget\" data-e-type=\"widget\" data-widget_type=\"wd_text_block.default\">\n\t\t\t\t<div class=\"elementor-widget-container\">\n\t\t\t\t\t\t\t<div class=\"wd-text-block reset-last-child text-left\">\n\t\t\t\n\t\t\t<h1 class=\"product_title entry-title wd-entities-title\">SU ARITMA D\u0130RSEK<\/h1><p>- Su ar\u0131tma sistemlerinde kullan\u0131lan filtre dirsekleri su kalitesinin iyile\u015ftirilmesi i\u00e7in idealdir.<br \/>- 100&#039;l\u00fc ambalaj\u0131 ile uzun s\u00fcreli kullan\u0131m imk\u00e2n\u0131 sunar ve s\u0131k s\u0131k de\u011fi\u015ftirme ihtiyac\u0131n\u0131 azalt\u0131r.<br \/>- Men\u015fei olarak &quot;CH&quot; (\u00c7in) ibaresi \u00fcr\u00fcnlerin kalite standartlar\u0131na uygun olarak \u00fcretildi\u011fini ifade eder.<br \/>- \u00dcr\u00fcn tipi olarak &quot;Filtre Dirse\u011fi&quot; se\u00e7ene\u011fini su ar\u0131tma cihazlar\u0131n\u0131zda etkin bir \u015fekilde kullanabilirsiniz.<\/p>\n\t\t\t\t\t<\/div>\n\t\t\t\t\t\t<\/div>\n\t\t\t\t<\/div>\n\t\t\t\t<\/div>\n\t\t<div class=\"elementor-element elementor-element-e91f64e e-con-full e-flex e-con e-child\" data-id=\"e91f64e\" data-element_type=\"container\" data-e-type=\"container\">\n\t\t\t\t<div class=\"elementor-element elementor-element-9c76e92 elementor-widget elementor-widget-wd_image_or_svg\" data-id=\"9c76e92\" data-element_type=\"widget\" data-e-type=\"widget\" data-widget_type=\"wd_image_or_svg.default\">\n\t\t\t\t<div class=\"elementor-widget-container\">\n\t\t\t\t\t\n\t\t<div class=\"wd-image text-left\">\n\t\t\t\t\t\t\t\t\t\t\t\t\t<\/div>\n\n\t\t\t\t\t\t<\/div>\n\t\t\t\t<\/div>\n\t\t\t\t<\/div>\n\t\t<div class=\"elementor-element elementor-element-3a86271 e-con-full e-flex e-con e-child\" data-id=\"3a86271\" data-element_type=\"container\" data-e-type=\"container\">\n\t\t\t\t<div class=\"elementor-element elementor-element-7320d16 elementor-widget elementor-widget-wd_image_or_svg\" data-id=\"7320d16\" data-element_type=\"widget\" data-e-type=\"widget\" data-widget_type=\"wd_image_or_svg.default\">\n\t\t\t\t<div class=\"elementor-widget-container\">\n\t\t\t\t\t\n\t\t<div class=\"wd-image text-left\">\n\t\t\t\t\t\t\t\t<img fetchpriority=\"high\" decoding=\"async\" width=\"300\" height=\"443\" src=\"https:\/\/ozon3plus.net\/wp-content\/uploads\/2021\/08\/DIRSEK.jpg\" class=\"attachment-full size-full\" alt=\"\" srcset=\"https:\/\/ozon3plus.net\/wp-content\/uploads\/2021\/08\/DIRSEK.jpg 300w, https:\/\/ozon3plus.net\/wp-content\/uploads\/2021\/08\/DIRSEK-150x222.jpg 150w, https:\/\/ozon3plus.net\/wp-content\/uploads\/2021\/08\/DIRSEK-203x300.jpg 203w, https:\/\/ozon3plus.net\/wp-content\/uploads\/2021\/08\/DIRSEK-8x12.jpg 8w\" sizes=\"(max-width: 300px) 100vw, 300px\" \/>\t\t\t\t\t<\/div>\n\n\t\t\t\t\t\t<\/div>\n\t\t\t\t<\/div>\n\t\t\t\t<\/div>\n\t\t\t\t\t<\/div>\n\t\t\t\t<\/div>\n\t\t<div class=\"wd-negative-gap elementor-element elementor-element-a0a381f e-flex e-con-boxed e-con e-parent\" data-id=\"a0a381f\" data-element_type=\"container\" data-e-type=\"container\">\n\t\t\t\t\t<div class=\"e-con-inner\">\n\t\t\t\t<div class=\"elementor-element elementor-element-c3cab1b wd-width-100 elementor-widget elementor-widget-wd_images_gallery\" data-id=\"c3cab1b\" data-element_type=\"widget\" data-e-type=\"widget\" data-widget_type=\"wd_images_gallery.default\">\n\t\t\t\t<div class=\"elementor-widget-container\">\n\t\t\t\t\t\t\t<div class=\"wd-images-gallery photoswipe-images\" style=\"--wd-align-items:center; --wd-justify-content:center;\">\n\t\t\t\t\t\t<div class=\"wd-grid-g\" style=\"--wd-col-lg:1;--wd-col-md:1;--wd-col-sm:1;--wd-gap-lg:0px;\" >\n\t\t\t\t\t\t\t\t\t\t\t\t\t\t\t\t\t\t<div class=\"wd-gallery-item wd-col\">\n\t\t\t\t\t\t\t\t\t\t\t\t\t<a  href=\"https:\/\/ozon3plus.net\/wp-content\/uploads\/2021\/08\/DIRSEKLER.jpg\" data-width=\"2200\" data-height=\"788\" data-index=\"1\" data-elementor-open-lightbox=\"no\">\n\t\t\t\t\t\t\n\t\t\t\t\t\t<img decoding=\"async\" width=\"1300\" height=\"466\" src=\"https:\/\/ozon3plus.net\/wp-content\/uploads\/2021\/08\/DIRSEKLER-1300x466.jpg\" class=\"attachment-large size-large\" alt=\"D\u0130RSEKLER\" srcset=\"https:\/\/ozon3plus.net\/wp-content\/uploads\/2021\/08\/DIRSEKLER-1300x466.jpg 1300w, https:\/\/ozon3plus.net\/wp-content\/uploads\/2021\/08\/DIRSEKLER-150x54.jpg 150w, https:\/\/ozon3plus.net\/wp-content\/uploads\/2021\/08\/DIRSEKLER-900x322.jpg 900w, https:\/\/ozon3plus.net\/wp-content\/uploads\/2021\/08\/DIRSEKLER-400x143.jpg 400w, https:\/\/ozon3plus.net\/wp-content\/uploads\/2021\/08\/DIRSEKLER-768x275.jpg 768w, https:\/\/ozon3plus.net\/wp-content\/uploads\/2021\/08\/DIRSEKLER-1536x550.jpg 1536w, https:\/\/ozon3plus.net\/wp-content\/uploads\/2021\/08\/DIRSEKLER-2048x734.jpg 2048w, https:\/\/ozon3plus.net\/wp-content\/uploads\/2021\/08\/DIRSEKLER-18x6.jpg 18w\" sizes=\"(max-width: 1300px) 100vw, 1300px\" \/>\n\t\t\t\t\t\t\t\t\t\t\t\t\t<\/a>\n\t\t\t\t\t\t\t\t\t\t\t<\/div>\n\t\t\t\t\t\t\t\t\t\t\t\t\t<\/div>\n\t\t\t\t\t<\/div>\n\t\t\t\t\t\t<\/div>\n\t\t\t\t<\/div>\n\t\t\t\t\t<\/div>\n\t\t\t\t<\/div>\n\t\t\t\t<\/div>","protected":false},"excerpt":{"rendered":"<p>General Brands 100 Adet Su Ar\u0131tma Filtre Ba\u011flant\u0131s\u0131 L Dirsek 1\/4 \u2013 6 Mm (QUICK \u2013 ROD BA\u011eLANTI) Quick L dirsek Su ar\u0131tma cihazlar\u0131nda kullan\u0131l\u0131r ve \u00e7ap\u0131 standart olup t\u00fcm ev tipi a\u00e7\u0131k veya kapal\u0131 cihazlara uyumludur.; Paket \u0130\u00e7eri\u011fi: 100 Adet Quick L dirsek.<\/p>","protected":false},"featured_media":28437,"comment_status":"open","ping_status":"closed","template":"","meta":[],"product_brand":[96],"product_cat":[95,42],"product_tag":[],"class_list":{"0":"post-361","1":"product","2":"type-product","3":"status-publish","4":"has-post-thumbnail","6":"product_brand-dnt","7":"product_cat-water-purification-spare-parts","8":"product_cat-water-treatment","10":"first","11":"instock","12":"sale","13":"shipping-taxable","14":"purchasable","15":"product-type-simple"},"_links":{"self":[{"href":"https:\/\/ozon3plus.net\/tr\/wp-json\/wp\/v2\/product\/361","targetHints":{"allow":["GET"]}}],"collection":[{"href":"https:\/\/ozon3plus.net\/tr\/wp-json\/wp\/v2\/product"}],"about":[{"href":"https:\/\/ozon3plus.net\/tr\/wp-json\/wp\/v2\/types\/product"}],"replies":[{"embeddable":true,"href":"https:\/\/ozon3plus.net\/tr\/wp-json\/wp\/v2\/comments?post=361"}],"version-history":[{"count":8,"href":"https:\/\/ozon3plus.net\/tr\/wp-json\/wp\/v2\/product\/361\/revisions"}],"predecessor-version":[{"id":28448,"href":"https:\/\/ozon3plus.net\/tr\/wp-json\/wp\/v2\/product\/361\/revisions\/28448"}],"wp:featuredmedia":[{"embeddable":true,"href":"https:\/\/ozon3plus.net\/tr\/wp-json\/wp\/v2\/media\/28437"}],"wp:attachment":[{"href":"https:\/\/ozon3plus.net\/tr\/wp-json\/wp\/v2\/media?parent=361"}],"wp:term":[{"taxonomy":"product_brand","embeddable":true,"href":"https:\/\/ozon3plus.net\/tr\/wp-json\/wp\/v2\/product_brand?post=361"},{"taxonomy":"product_cat","embeddable":true,"href":"https:\/\/ozon3plus.net\/tr\/wp-json\/wp\/v2\/product_cat?post=361"},{"taxonomy":"product_tag","embeddable":true,"href":"https:\/\/ozon3plus.net\/tr\/wp-json\/wp\/v2\/product_tag?post=361"}],"curies":[{"name":"wp","href":"https:\/\/api.w.org\/{rel}","templated":true}]}}