{"id":334,"date":"2021-08-27T11:42:20","date_gmt":"2021-08-27T11:42:20","guid":{"rendered":"http:\/\/dummy.xtemos.com\/woodmart2\/elementor\/?post_type=product&#038;p=334"},"modified":"2025-11-26T11:58:13","modified_gmt":"2025-11-26T11:58:13","slug":"decoration-wooden-present","status":"publish","type":"product","link":"https:\/\/ozon3plus.net\/tr\/urun\/decoration-wooden-present\/","title":{"rendered":"su pompas\u0131 EMH 4-5"},"content":{"rendered":"<div data-elementor-type=\"wp-post\" data-elementor-id=\"334\" class=\"elementor elementor-334\" data-elementor-post-type=\"product\">\n\t\t\t\t<div class=\"wd-negative-gap elementor-element elementor-element-2a51e47 e-flex e-con-boxed e-con e-parent\" data-id=\"2a51e47\" data-element_type=\"container\" data-e-type=\"container\">\n\t\t\t\t\t<div class=\"e-con-inner\">\n\t\t<div class=\"elementor-element elementor-element-01fc7d0 e-con-full e-flex e-con e-child\" data-id=\"01fc7d0\" data-element_type=\"container\" data-e-type=\"container\">\n\t\t\t\t<div class=\"elementor-element elementor-element-3d26ce2 elementor-widget elementor-widget-wd_text_block\" data-id=\"3d26ce2\" data-element_type=\"widget\" data-e-type=\"widget\" data-widget_type=\"wd_text_block.default\">\n\t\t\t\t<div class=\"elementor-widget-container\">\n\t\t\t\t\t\t\t<div class=\"wd-text-block reset-last-child text-left\">\n\t\t\t\n\t\t\t<h3>\u00dcr\u00fcn A\u00e7\u0131klamas\u0131\u00a0<\/h3><p>MOTOR G\u00dcC\u00dc : 2 HP - 1,50 KW<br \/>GER\u0130L\u0130M : 220 V Tek Fazl\u0131<br \/>MAKS\u0130MUM BASIN\u00c7 BA\u015eLI\u011eI: 51-75 Mss<br \/>DEB\u0130 ARALI\u011eI : 6-10 m3\/h<br \/>EMME G\u0130R\u0130\u015e \u00c7API : 1&#039;&#039; - 25 mm<br \/>BASIN\u00c7 \u00c7IKI\u015e \u00c7API : 1&#039;&#039; - 25 mm<br \/>G\u00d6VDE : Paslanmaz<br \/>PERVANE MALZEMES\u0130 : Paslanmaz<br \/>SAHNE : Yatay Sahne, \u00c7ok Sahneli<\/p>\n\t\t\t\t\t<\/div>\n\t\t\t\t\t\t<\/div>\n\t\t\t\t<\/div>\n\t\t\t\t<\/div>\n\t\t<div class=\"elementor-element elementor-element-8e7cad6 e-con-full e-flex e-con e-child\" data-id=\"8e7cad6\" data-element_type=\"container\" data-e-type=\"container\">\n\t\t\t\t<div class=\"elementor-element elementor-element-8c781c7 elementor-widget elementor-widget-wd_image_or_svg\" data-id=\"8c781c7\" data-element_type=\"widget\" data-e-type=\"widget\" data-widget_type=\"wd_image_or_svg.default\">\n\t\t\t\t<div class=\"elementor-widget-container\">\n\t\t\t\t\t\n\t\t<div class=\"wd-image text-left\">\n\t\t\t\t\t\t\t\t<img fetchpriority=\"high\" decoding=\"async\" width=\"450\" height=\"800\" src=\"https:\/\/ozon3plus.net\/wp-content\/uploads\/2021\/08\/EMH4-5-4-450x800.jpeg\" class=\"attachment-large size-large\" alt=\"\" srcset=\"https:\/\/ozon3plus.net\/wp-content\/uploads\/2021\/08\/EMH4-5-4-450x800.jpeg 450w, https:\/\/ozon3plus.net\/wp-content\/uploads\/2021\/08\/EMH4-5-4-150x267.jpeg 150w, https:\/\/ozon3plus.net\/wp-content\/uploads\/2021\/08\/EMH4-5-4-700x1244.jpeg 700w, https:\/\/ozon3plus.net\/wp-content\/uploads\/2021\/08\/EMH4-5-4-169x300.jpeg 169w, https:\/\/ozon3plus.net\/wp-content\/uploads\/2021\/08\/EMH4-5-4-768x1365.jpeg 768w, https:\/\/ozon3plus.net\/wp-content\/uploads\/2021\/08\/EMH4-5-4-864x1536.jpeg 864w, https:\/\/ozon3plus.net\/wp-content\/uploads\/2021\/08\/EMH4-5-4-7x12.jpeg 7w, https:\/\/ozon3plus.net\/wp-content\/uploads\/2021\/08\/EMH4-5-4.jpeg 900w\" sizes=\"(max-width: 450px) 100vw, 450px\" \/>\t\t\t\t\t<\/div>\n\n\t\t\t\t\t\t<\/div>\n\t\t\t\t<\/div>\n\t\t\t\t<\/div>\n\t\t<div class=\"elementor-element elementor-element-d9a59bb e-con-full e-flex e-con e-child\" data-id=\"d9a59bb\" data-element_type=\"container\" data-e-type=\"container\">\n\t\t\t\t<div class=\"elementor-element elementor-element-cb83973 elementor-widget elementor-widget-wd_image_or_svg\" data-id=\"cb83973\" data-element_type=\"widget\" data-e-type=\"widget\" data-widget_type=\"wd_image_or_svg.default\">\n\t\t\t\t<div class=\"elementor-widget-container\">\n\t\t\t\t\t\n\t\t<div class=\"wd-image text-left\">\n\t\t\t\t\t\t\t\t<img decoding=\"async\" width=\"400\" height=\"225\" src=\"https:\/\/ozon3plus.net\/wp-content\/uploads\/2021\/08\/EMH4-5-1-400x225.jpeg\" class=\"attachment-medium size-medium\" alt=\"\" srcset=\"https:\/\/ozon3plus.net\/wp-content\/uploads\/2021\/08\/EMH4-5-1-400x225.jpeg 400w, https:\/\/ozon3plus.net\/wp-content\/uploads\/2021\/08\/EMH4-5-1-rotated-150x84.jpeg 150w, https:\/\/ozon3plus.net\/wp-content\/uploads\/2021\/08\/EMH4-5-1-rotated-900x506.jpeg 900w, https:\/\/ozon3plus.net\/wp-content\/uploads\/2021\/08\/EMH4-5-1-1300x731.jpeg 1300w, https:\/\/ozon3plus.net\/wp-content\/uploads\/2021\/08\/EMH4-5-1-768x432.jpeg 768w, https:\/\/ozon3plus.net\/wp-content\/uploads\/2021\/08\/EMH4-5-1-1536x864.jpeg 1536w, https:\/\/ozon3plus.net\/wp-content\/uploads\/2021\/08\/EMH4-5-1-18x10.jpeg 18w, https:\/\/ozon3plus.net\/wp-content\/uploads\/2021\/08\/EMH4-5-1-rotated.jpeg 1600w\" sizes=\"(max-width: 400px) 100vw, 400px\" \/>\t\t\t\t\t<\/div>\n\n\t\t\t\t\t\t<\/div>\n\t\t\t\t<\/div>\n\t\t\t\t<\/div>\n\t\t\t\t\t<\/div>\n\t\t\t\t<\/div>\n\t\t\t\t<\/div>","protected":false},"excerpt":{"rendered":"<p>MOTOR G\u00dcC\u00dc : 2 HP \u2013 1,50 KW<br \/>\nGER\u0130L\u0130M : 220 V Tek Fazl\u0131<br \/>\nMAKS\u0130MUM BASIN\u00c7 BA\u015eLI\u011eI: 51-75 Mss<br \/>\nDEB\u0130 ARALI\u011eI : 6-10 m3\/h<br \/>\nEMME G\u0130R\u0130\u015e \u00c7API: 1\u201d \u2013 25 mm<br \/>\nBASIN\u00c7 \u00c7IKI\u015e \u00c7API : 1\u201d \u2013 25 mm<br \/>\nG\u00d6VDE : Paslanmaz<br \/>\nPERVANE MALZEMES\u0130 : Paslanmaz<br \/>\nSAHNE : Yatay Sahne, \u00c7ok Sahneli<\/p>","protected":false},"featured_media":28492,"comment_status":"open","ping_status":"closed","template":"","meta":[],"product_brand":[102,65],"product_cat":[43],"product_tag":[],"class_list":{"0":"post-334","1":"product","2":"type-product","3":"status-publish","4":"has-post-thumbnail","6":"product_brand-leo","7":"product_brand-water-treatment","8":"product_cat-ozon3","10":"first","11":"instock","12":"sale","13":"shipping-taxable","14":"purchasable","15":"product-type-simple"},"_links":{"self":[{"href":"https:\/\/ozon3plus.net\/tr\/wp-json\/wp\/v2\/product\/334","targetHints":{"allow":["GET"]}}],"collection":[{"href":"https:\/\/ozon3plus.net\/tr\/wp-json\/wp\/v2\/product"}],"about":[{"href":"https:\/\/ozon3plus.net\/tr\/wp-json\/wp\/v2\/types\/product"}],"replies":[{"embeddable":true,"href":"https:\/\/ozon3plus.net\/tr\/wp-json\/wp\/v2\/comments?post=334"}],"version-history":[{"count":4,"href":"https:\/\/ozon3plus.net\/tr\/wp-json\/wp\/v2\/product\/334\/revisions"}],"predecessor-version":[{"id":28500,"href":"https:\/\/ozon3plus.net\/tr\/wp-json\/wp\/v2\/product\/334\/revisions\/28500"}],"wp:featuredmedia":[{"embeddable":true,"href":"https:\/\/ozon3plus.net\/tr\/wp-json\/wp\/v2\/media\/28492"}],"wp:attachment":[{"href":"https:\/\/ozon3plus.net\/tr\/wp-json\/wp\/v2\/media?parent=334"}],"wp:term":[{"taxonomy":"product_brand","embeddable":true,"href":"https:\/\/ozon3plus.net\/tr\/wp-json\/wp\/v2\/product_brand?post=334"},{"taxonomy":"product_cat","embeddable":true,"href":"https:\/\/ozon3plus.net\/tr\/wp-json\/wp\/v2\/product_cat?post=334"},{"taxonomy":"product_tag","embeddable":true,"href":"https:\/\/ozon3plus.net\/tr\/wp-json\/wp\/v2\/product_tag?post=334"}],"curies":[{"name":"wp","href":"https:\/\/api.w.org\/{rel}","templated":true}]}}