{"id":323,"date":"2021-08-27T11:34:33","date_gmt":"2021-08-27T11:34:33","guid":{"rendered":"http:\/\/dummy.xtemos.com\/woodmart2\/elementor\/?post_type=product&#038;p=323"},"modified":"2025-05-01T11:39:05","modified_gmt":"2025-05-01T11:39:05","slug":"panton-tunior-chair","status":"publish","type":"product","link":"https:\/\/ozon3plus.net\/tr\/urun\/panton-tunior-chair\/","title":{"rendered":"Karbon Filtre (BLOK KARBON)"},"content":{"rendered":"<div data-elementor-type=\"wp-post\" data-elementor-id=\"323\" class=\"elementor elementor-323\" data-elementor-post-type=\"product\">\n\t\t\t\t<div class=\"wd-negative-gap elementor-element elementor-element-e5e1b42 e-grid e-con-boxed e-con e-parent\" data-id=\"e5e1b42\" data-element_type=\"container\" data-e-type=\"container\">\n\t\t\t\t\t<div class=\"e-con-inner\">\n\t\t\t\t<div class=\"elementor-element elementor-element-c6b817a elementor-widget elementor-widget-wd_text_block\" data-id=\"c6b817a\" data-element_type=\"widget\" data-e-type=\"widget\" data-widget_type=\"wd_text_block.default\">\n\t\t\t\t<div class=\"elementor-widget-container\">\n\t\t\t\t\t\t\t<div class=\"wd-text-block reset-last-child text-left\">\n\t\t\t\n\t\t\t<h1>NOT:<\/h1><p>Boyutuna uygun bo\u015f bir filtre kab\u0131 sat\u0131n al\u0131p filtre kab\u0131yla birlikte tesisata monte edebilirsiniz. Bir\u00e7ok ev veya i\u015f yerinde kuyu suyu kullanarak 1-2 veya 3 filtreli su ar\u0131tma sistemi olu\u015fturmak m\u00fcmk\u00fcnd\u00fcr.<\/p>\n\t\t\t\t\t<\/div>\n\t\t\t\t\t\t<\/div>\n\t\t\t\t<\/div>\n\t\t\t\t<div class=\"elementor-element elementor-element-36bd182 elementor-widget elementor-widget-wd_text_block\" data-id=\"36bd182\" data-element_type=\"widget\" data-e-type=\"widget\" data-widget_type=\"wd_text_block.default\">\n\t\t\t\t<div class=\"elementor-widget-container\">\n\t\t\t\t\t\t\t<div class=\"wd-text-block reset-last-child text-left\">\n\t\t\t\n\t\t\t<h1>NOT:<\/h1><p>Boyutuna uygun bo\u015f bir filtre kab\u0131 sat\u0131n al\u0131p filtre kab\u0131yla birlikte tesisata monte edebilirsiniz. Bir\u00e7ok ev veya i\u015f yerinde kuyu suyu kullanarak 1-2 veya 3 filtreli su ar\u0131tma sistemi olu\u015fturmak m\u00fcmk\u00fcnd\u00fcr.<\/p>\n\t\t\t\t\t<\/div>\n\t\t\t\t\t\t<\/div>\n\t\t\t\t<\/div>\n\t\t\t\t<div class=\"elementor-element elementor-element-18cf29d elementor-widget elementor-widget-wd_text_block\" data-id=\"18cf29d\" data-element_type=\"widget\" data-e-type=\"widget\" data-widget_type=\"wd_text_block.default\">\n\t\t\t\t<div class=\"elementor-widget-container\">\n\t\t\t\t\t\t\t<div class=\"wd-text-block reset-last-child text-left\">\n\t\t\t\n\t\t\t<h1>Filtre Malzemesi:<\/h1><p>Hindistan cevizi kabuklar\u0131ndan \u00fcretilen aktif karbon, aktivasyon i\u015flemiyle ola\u011fan\u00fcst\u00fc ve benzersiz bir emilim ve toplama \u00f6zelli\u011fi yarat\u0131lm\u0131\u015f i\u00e7 g\u00f6zenek yap\u0131s\u0131na sahiptir.<\/p><p>Maksimum Ak\u0131\u015f H\u0131z\u0131: 0,75 GPM (2,8 LPM)<\/p><p>Maksimum \u00c7al\u0131\u015fma Bas\u0131nc\u0131: 125 PSI<\/p><p>Ortalama \u00d6m\u00fcr: 3-12 Ay (2500 Galon)<\/p><p>Maksimum \u00c7al\u0131\u015fma S\u0131cakl\u0131\u011f\u0131: 45 Derece<\/p><p>Bak\u0131m: 6-12 Ay sonra yenisi ile de\u011fi\u015ftirilir.<\/p>\n\t\t\t\t\t<\/div>\n\t\t\t\t\t\t<\/div>\n\t\t\t\t<\/div>\n\t\t\t\t\t<\/div>\n\t\t\t\t<\/div>\n\t\t<div class=\"wd-negative-gap elementor-element elementor-element-2f16a58 e-grid e-con-boxed e-con e-parent\" data-id=\"2f16a58\" data-element_type=\"container\" data-e-type=\"container\">\n\t\t\t\t\t<div class=\"e-con-inner\">\n\t\t\t\t\t<\/div>\n\t\t\t\t<\/div>\n\t\t<div class=\"wd-negative-gap elementor-element elementor-element-47e18a4 e-grid e-con-boxed e-con e-parent\" data-id=\"47e18a4\" data-element_type=\"container\" data-e-type=\"container\">\n\t\t\t\t\t<div class=\"e-con-inner\">\n\t\t\t\t<div class=\"elementor-element elementor-element-4e1981b elementor-widget elementor-widget-wd_image_or_svg\" data-id=\"4e1981b\" data-element_type=\"widget\" data-e-type=\"widget\" data-widget_type=\"wd_image_or_svg.default\">\n\t\t\t\t<div class=\"elementor-widget-container\">\n\t\t\t\t\t\n\t\t<div class=\"wd-image text-left\">\n\t\t\t\t\t\t\t\t<img fetchpriority=\"high\" decoding=\"async\" width=\"278\" height=\"181\" src=\"https:\/\/ozon3plus.net\/wp-content\/uploads\/2021\/08\/BLOCK-KARBON3.jpeg\" class=\"attachment-full size-full\" alt=\"\" srcset=\"https:\/\/ozon3plus.net\/wp-content\/uploads\/2021\/08\/BLOCK-KARBON3.jpeg 278w, https:\/\/ozon3plus.net\/wp-content\/uploads\/2021\/08\/BLOCK-KARBON3-150x98.jpeg 150w, https:\/\/ozon3plus.net\/wp-content\/uploads\/2021\/08\/BLOCK-KARBON3-18x12.jpeg 18w\" sizes=\"(max-width: 278px) 100vw, 278px\" \/>\t\t\t\t\t<\/div>\n\n\t\t\t\t\t\t<\/div>\n\t\t\t\t<\/div>\n\t\t\t\t<div class=\"elementor-element elementor-element-6691d1e elementor-widget elementor-widget-wd_text_block\" data-id=\"6691d1e\" data-element_type=\"widget\" data-e-type=\"widget\" data-widget_type=\"wd_text_block.default\">\n\t\t\t\t<div class=\"elementor-widget-container\">\n\t\t\t\t\t\t\t<div class=\"wd-text-block reset-last-child text-center\">\n\t\t\t\n\t\t\t<p><strong>Karbon Blok (CTO)<\/strong> Filtre, bir filtredir. Sudaki belirli kimyasallar\u0131, \u00f6zellikle de organik kimyasallar\u0131 gidermek i\u00e7in kullan\u0131lan filtrelere karbon filtre denir. CTO filtreler ayr\u0131ca, hidrojen s\u00fclf\u00fcr veya klor gibi suya ho\u015f olmayan bir koku veya tat veren kimyasallar\u0131 gidermek i\u00e7in de kullan\u0131labilir.<\/p>\n\t\t\t\t\t<\/div>\n\t\t\t\t\t\t<\/div>\n\t\t\t\t<\/div>\n\t\t\t\t\t<\/div>\n\t\t\t\t<\/div>\n\t\t<div class=\"wd-negative-gap elementor-element elementor-element-f4e2f6e e-grid e-con-boxed e-con e-parent\" data-id=\"f4e2f6e\" data-element_type=\"container\" data-e-type=\"container\">\n\t\t\t\t\t<div class=\"e-con-inner\">\n\t\t\t\t<div class=\"elementor-element elementor-element-3d47c37 elementor-widget elementor-widget-wd_text_block\" data-id=\"3d47c37\" data-element_type=\"widget\" data-e-type=\"widget\" data-widget_type=\"wd_text_block.default\">\n\t\t\t\t<div class=\"elementor-widget-container\">\n\t\t\t\t\t\t\t<div class=\"wd-text-block reset-last-child text-left\">\n\t\t\t\n\t\t\t<p>Karbon filtreler, gran\u00fcl veya blok formunda, son derece g\u00f6zenekli hale getirilmi\u015f k\u00fc\u00e7\u00fck karbon par\u00e7alar\u0131d\u0131r. Sadece bir gram aktif karbonun y\u00fczey alan\u0131 500-3000 m2&#039;dir. Karbon filtreler, kirleticileri ve di\u011fer maddeleri adsorbe etmede olduk\u00e7a etkili olmalar\u0131n\u0131 sa\u011flayan bir y\u00fczey alan\u0131na sahiptir. Y\u00fczey alan\u0131na ek olarak, aktif karbon filtreler, giderdikleri kirleticilerin boyutu a\u00e7\u0131s\u0131ndan farkl\u0131 yeteneklere sahiptir. Aktif karbon filtrelerin \u00e7aplar\u0131 yakla\u015f\u0131k 50 mikron ile 0,5 mikron aras\u0131ndad\u0131r. G\u00f6zenekler ne kadar etkili ve k\u00fc\u00e7\u00fckse, su ak\u0131\u015f\u0131n\u0131 o kadar azaltabilirler.<\/p>\n\t\t\t\t\t<\/div>\n\t\t\t\t\t\t<\/div>\n\t\t\t\t<\/div>\n\t\t\t\t<div class=\"elementor-element elementor-element-1ac1e9a elementor-widget elementor-widget-wd_image_or_svg\" data-id=\"1ac1e9a\" data-element_type=\"widget\" data-e-type=\"widget\" data-widget_type=\"wd_image_or_svg.default\">\n\t\t\t\t<div class=\"elementor-widget-container\">\n\t\t\t\t\t\n\t\t<div class=\"wd-image text-left\">\n\t\t\t\t\t\t\t\t<img decoding=\"async\" width=\"257\" height=\"196\" src=\"https:\/\/ozon3plus.net\/wp-content\/uploads\/2021\/08\/BLOCK-KARBON2.jpeg\" class=\"attachment-full size-full\" alt=\"\" srcset=\"https:\/\/ozon3plus.net\/wp-content\/uploads\/2021\/08\/BLOCK-KARBON2.jpeg 257w, https:\/\/ozon3plus.net\/wp-content\/uploads\/2021\/08\/BLOCK-KARBON2-150x114.jpeg 150w, https:\/\/ozon3plus.net\/wp-content\/uploads\/2021\/08\/BLOCK-KARBON2-16x12.jpeg 16w\" sizes=\"(max-width: 257px) 100vw, 257px\" \/>\t\t\t\t\t<\/div>\n\n\t\t\t\t\t\t<\/div>\n\t\t\t\t<\/div>\n\t\t\t\t\t<\/div>\n\t\t\t\t<\/div>\n\t\t<div class=\"wd-negative-gap elementor-element elementor-element-59a297b e-grid e-con-boxed e-con e-parent\" data-id=\"59a297b\" data-element_type=\"container\" data-e-type=\"container\">\n\t\t\t\t\t<div class=\"e-con-inner\">\n\t\t\t\t<div class=\"elementor-element elementor-element-afa457c elementor-widget elementor-widget-wd_image_or_svg\" data-id=\"afa457c\" data-element_type=\"widget\" data-e-type=\"widget\" data-widget_type=\"wd_image_or_svg.default\">\n\t\t\t\t<div class=\"elementor-widget-container\">\n\t\t\t\t\t\n\t\t<div class=\"wd-image text-left\">\n\t\t\t\t\t\t\t\t<img decoding=\"async\" width=\"400\" height=\"300\" src=\"https:\/\/ozon3plus.net\/wp-content\/uploads\/2021\/08\/TDS5.jpg\" class=\"attachment-full size-full\" alt=\"\" srcset=\"https:\/\/ozon3plus.net\/wp-content\/uploads\/2021\/08\/TDS5.jpg 400w, https:\/\/ozon3plus.net\/wp-content\/uploads\/2021\/08\/TDS5-150x113.jpg 150w, https:\/\/ozon3plus.net\/wp-content\/uploads\/2021\/08\/TDS5-16x12.jpg 16w\" sizes=\"(max-width: 400px) 100vw, 400px\" \/>\t\t\t\t\t<\/div>\n\n\t\t\t\t\t\t<\/div>\n\t\t\t\t<\/div>\n\t\t\t\t<div class=\"elementor-element elementor-element-63589ac elementor-widget elementor-widget-wd_image_or_svg\" data-id=\"63589ac\" data-element_type=\"widget\" data-e-type=\"widget\" data-widget_type=\"wd_image_or_svg.default\">\n\t\t\t\t<div class=\"elementor-widget-container\">\n\t\t\t\t\t\n\t\t<div class=\"wd-image text-left\">\n\t\t\t\t\t\t\t\t<img loading=\"lazy\" decoding=\"async\" width=\"1500\" height=\"927\" src=\"https:\/\/ozon3plus.net\/wp-content\/uploads\/2021\/08\/blok-karbon6.jpg\" class=\"attachment-full size-full\" alt=\"\" srcset=\"https:\/\/ozon3plus.net\/wp-content\/uploads\/2021\/08\/blok-karbon6.jpg 1500w, https:\/\/ozon3plus.net\/wp-content\/uploads\/2021\/08\/blok-karbon6-150x93.jpg 150w, https:\/\/ozon3plus.net\/wp-content\/uploads\/2021\/08\/blok-karbon6-900x556.jpg 900w, https:\/\/ozon3plus.net\/wp-content\/uploads\/2021\/08\/blok-karbon6-400x247.jpg 400w, https:\/\/ozon3plus.net\/wp-content\/uploads\/2021\/08\/blok-karbon6-1294x800.jpg 1294w, https:\/\/ozon3plus.net\/wp-content\/uploads\/2021\/08\/blok-karbon6-768x475.jpg 768w, https:\/\/ozon3plus.net\/wp-content\/uploads\/2021\/08\/blok-karbon6-18x12.jpg 18w\" sizes=\"(max-width: 1500px) 100vw, 1500px\" \/>\t\t\t\t\t<\/div>\n\n\t\t\t\t\t\t<\/div>\n\t\t\t\t<\/div>\n\t\t\t\t\t<\/div>\n\t\t\t\t<\/div>\n\t\t\t\t<\/div>","protected":false},"excerpt":{"rendered":"<p>Karbon Filtre 20\u2033 \/10\u2033\/ 20\u2033JUMBO<\/p>\n<p>F\u0130LTRE KAB\u0130NLER\u0130 \u0130\u00c7\u0130N YEDEK BLOK KARBON F\u0130LTRE \u2013 Eski Blok Karbon Filtre \u2013 20\u201d CTO<\/p>\n<p>Karbon Blok (CTO) Filtre, sudan belirli kimyasallar\u0131, \u00f6zellikle de organik kimyasallar\u0131 gidermek i\u00e7in kullan\u0131lan filtrelere karbon filtre denir. CTO filtreler ayr\u0131ca, hidrojen s\u00fclf\u00fcr veya klor gibi suya istenmeyen koku veya tat veren kimyasallar\u0131 gidermek i\u00e7in de kullan\u0131labilir.<\/p>\n<p>Ar\u0131t\u0131lacak sudaki kloru, bulan\u0131kl\u0131\u011f\u0131, organik maddeleri, kokuyu ve partik\u00fclleri ay\u0131r\u0131r. Suyun tad\u0131n\u0131 iyile\u015ftirir. \u015eebeke suyuna tak\u0131ld\u0131\u011f\u0131nda, hem sudaki partik\u00fclleri tutar hem de klor kokusunu net bir \u015fekilde giderir.<\/p>\n<p>Suyun kirlili\u011fine ve kullan\u0131m s\u0131kl\u0131\u011f\u0131na ba\u011fl\u0131 olarak 3-10 ay aras\u0131 kullan\u0131m \u00f6mr\u00fc vard\u0131r. Ar\u0131t\u0131c\u0131n\u0131zdaki standart filtrelerden biridir. \u0130stendi\u011finde bo\u015f bir filtre kab\u0131 al\u0131narak ayr\u0131 olarak da kullan\u0131labilir.<\/p>","protected":false},"featured_media":28560,"comment_status":"open","ping_status":"closed","template":"","meta":[],"product_brand":[65],"product_cat":[52,43,42],"product_tag":[108,109],"class_list":{"0":"post-323","1":"product","2":"type-product","3":"status-publish","4":"has-post-thumbnail","6":"product_brand-water-treatment","7":"product_cat-fresh-water","8":"product_cat-ozon3","9":"product_cat-water-treatment","10":"product_tag-block-karbon","11":"product_tag-cto","13":"first","14":"instock","15":"sale","16":"shipping-taxable","17":"purchasable","18":"product-type-simple"},"_links":{"self":[{"href":"https:\/\/ozon3plus.net\/tr\/wp-json\/wp\/v2\/product\/323","targetHints":{"allow":["GET"]}}],"collection":[{"href":"https:\/\/ozon3plus.net\/tr\/wp-json\/wp\/v2\/product"}],"about":[{"href":"https:\/\/ozon3plus.net\/tr\/wp-json\/wp\/v2\/types\/product"}],"replies":[{"embeddable":true,"href":"https:\/\/ozon3plus.net\/tr\/wp-json\/wp\/v2\/comments?post=323"}],"version-history":[{"count":15,"href":"https:\/\/ozon3plus.net\/tr\/wp-json\/wp\/v2\/product\/323\/revisions"}],"predecessor-version":[{"id":28579,"href":"https:\/\/ozon3plus.net\/tr\/wp-json\/wp\/v2\/product\/323\/revisions\/28579"}],"wp:featuredmedia":[{"embeddable":true,"href":"https:\/\/ozon3plus.net\/tr\/wp-json\/wp\/v2\/media\/28560"}],"wp:attachment":[{"href":"https:\/\/ozon3plus.net\/tr\/wp-json\/wp\/v2\/media?parent=323"}],"wp:term":[{"taxonomy":"product_brand","embeddable":true,"href":"https:\/\/ozon3plus.net\/tr\/wp-json\/wp\/v2\/product_brand?post=323"},{"taxonomy":"product_cat","embeddable":true,"href":"https:\/\/ozon3plus.net\/tr\/wp-json\/wp\/v2\/product_cat?post=323"},{"taxonomy":"product_tag","embeddable":true,"href":"https:\/\/ozon3plus.net\/tr\/wp-json\/wp\/v2\/product_tag?post=323"}],"curies":[{"name":"wp","href":"https:\/\/api.w.org\/{rel}","templated":true}]}}