{"id":28603,"date":"2025-05-01T13:19:17","date_gmt":"2025-05-01T13:19:17","guid":{"rendered":"https:\/\/ozon3plus.net\/?post_type=product&#038;p=28603"},"modified":"2025-05-01T14:57:48","modified_gmt":"2025-05-01T14:57:48","slug":"transparent-filter-housing","status":"publish","type":"product","link":"https:\/\/ozon3plus.net\/tr\/urun\/transparent-filter-housing\/","title":{"rendered":"\u015eeffaf Filtre Muhafazas\u0131 (ATLAS)"},"content":{"rendered":"<div data-elementor-type=\"product-post\" data-elementor-id=\"28603\" class=\"elementor elementor-28603\" data-elementor-post-type=\"product\">\n\t\t\t\t<div class=\"wd-negative-gap elementor-element elementor-element-14916e42 e-flex e-con-boxed e-con e-parent\" data-id=\"14916e42\" data-element_type=\"container\" data-e-type=\"container\">\n\t\t\t\t\t<div class=\"e-con-inner\">\n\t\t\t\t<div class=\"elementor-element elementor-element-7d4a6b81 color-scheme-inherit text-left elementor-widget elementor-widget-text-editor\" data-id=\"7d4a6b81\" data-element_type=\"widget\" data-e-type=\"widget\" data-widget_type=\"text-editor.default\">\n\t\t\t\t<div class=\"elementor-widget-container\">\n\t\t\t\t\t\t\t\t\tBunlar, 45 dereceye kadar s\u0131cakl\u0131klarda sudaki \u00e7amur ve tortuyu filtrelemek i\u00e7in kullan\u0131lan filtre muhafazalar\u0131d\u0131r.; 10 in\u00e7 kartu\u015f filtreler i\u00e7in.; Muhafaza ba\u011flant\u0131 giri\u015f ve \u00e7\u0131k\u0131\u015f\u0131 1 in\u00e7tir; set i\u00e7erisinde anahtar, duvar braketi ve vidalar bulunmaktad\u0131r.; Tip: Su ar\u0131tma Renk: \u015eeffaf Uzunluk: 10 in\u00e7 Giri\u015f-\u00c7\u0131k\u0131\u015f ba\u011flant\u0131 boyutlar\u0131: 1 in\u00e7 Maks.; Patlama bas\u0131nc\u0131: 8 bar (116 psi) Kullan\u0131m alanlar\u0131: Ters ozmoz ar\u0131tma sistemlerinde 10 in\u00e7 kartu\u015f tipi filtrelerin yerle\u015ftirildi\u011fi kap olarak ve daire giri\u015findeki tesisata monte edilerek \u00f6n filtreleme s\u0131ras\u0131nda kullan\u0131l\u0131r.; \u00dcretici: Atlas Filtr\u0131 S.; R.; L.\t\t\t\t\t\t\t\t<\/div>\n\t\t\t\t<\/div>\n\t\t\t\t\t<\/div>\n\t\t\t\t<\/div>\n\t\t<div class=\"elementor-element elementor-element-a62cb2f e-grid e-con-full e-con e-parent\" data-id=\"a62cb2f\" data-element_type=\"container\" data-e-type=\"container\">\n\t\t\t\t<div class=\"elementor-element elementor-element-5795bb6 elementor-widget elementor-widget-wd_text_block\" data-id=\"5795bb6\" data-element_type=\"widget\" data-e-type=\"widget\" data-widget_type=\"wd_text_block.default\">\n\t\t\t\t<div class=\"elementor-widget-container\">\n\t\t\t\t\t\t\t<div class=\"wd-text-block reset-last-child text-left\">\n\t\t\t\n\t\t\t<p>20 in\u00e7 \u015feffaf filtre muhafazas\u0131, 45 dereceye kadar s\u0131cakl\u0131ktaki sudaki \u00e7amur ve tortuyu filtrelemek i\u00e7in kullan\u0131lan bir muhafazad\u0131r. 20 in\u00e7 kartu\u015f filtreler i\u00e7in uygundur. Muhafaza ba\u011flant\u0131 giri\u015f ve \u00e7\u0131k\u0131\u015f \u00e7ap\u0131 1 in\u00e7tir. Set i\u00e7erisinde anahtar, duvar braketi ve vidalar bulunmaktad\u0131r. Tip: Su ar\u0131tma Renk: \u015eeffaf Uzunluk: 20 in\u00e7 Giri\u015f-\u00c7\u0131k\u0131\u015f ba\u011flant\u0131 boyutlar\u0131: 1 in\u00e7 Maks. Patlama bas\u0131nc\u0131: 8 bar (116 psi) Kullan\u0131m alanlar\u0131: Ters ozmoz ar\u0131tma sistemlerinde 20 in\u00e7 kartu\u015f tipi filtrelerin yerle\u015ftirildi\u011fi bir kap olarak ve daire giri\u015findeki tesisata monte edilerek \u00f6n filtreleme yap\u0131ld\u0131\u011f\u0131nda kullan\u0131l\u0131r. \u00dcretici: Atlas Men\u015fei: \u0130talya;<\/p>\n\t\t\t\t\t<\/div>\n\t\t\t\t\t\t<\/div>\n\t\t\t\t<\/div>\n\t\t\t\t<div class=\"elementor-element elementor-element-39902f9 elementor-widget elementor-widget-wd_image_or_svg\" data-id=\"39902f9\" data-element_type=\"widget\" data-e-type=\"widget\" data-widget_type=\"wd_image_or_svg.default\">\n\t\t\t\t<div class=\"elementor-widget-container\">\n\t\t\t\t\t\n\t\t<div class=\"wd-image text-center\">\n\t\t\t\t\t\t\t\t<img fetchpriority=\"high\" decoding=\"async\" width=\"200\" height=\"300\" src=\"https:\/\/ozon3plus.net\/wp-content\/uploads\/2025\/05\/atlas10-1-200x300.webp\" class=\"attachment-medium size-medium\" alt=\"\" srcset=\"https:\/\/ozon3plus.net\/wp-content\/uploads\/2025\/05\/atlas10-1-200x300.webp 200w, https:\/\/ozon3plus.net\/wp-content\/uploads\/2025\/05\/atlas10-1-150x225.webp 150w, https:\/\/ozon3plus.net\/wp-content\/uploads\/2025\/05\/atlas10-1-900x1350.webp 900w, https:\/\/ozon3plus.net\/wp-content\/uploads\/2025\/05\/atlas10-1-533x800.webp 533w, https:\/\/ozon3plus.net\/wp-content\/uploads\/2025\/05\/atlas10-1-768x1152.webp 768w, https:\/\/ozon3plus.net\/wp-content\/uploads\/2025\/05\/atlas10-1-1024x1536.webp 1024w, https:\/\/ozon3plus.net\/wp-content\/uploads\/2025\/05\/atlas10-1-8x12.webp 8w, https:\/\/ozon3plus.net\/wp-content\/uploads\/2025\/05\/atlas10-1.webp 1200w\" sizes=\"(max-width: 200px) 100vw, 200px\" \/>\t\t\t\t\t<\/div>\n\n\t\t\t\t\t\t<\/div>\n\t\t\t\t<\/div>\n\t\t\t\t<\/div>\n\t\t<div class=\"wd-negative-gap elementor-element elementor-element-a5589a9 e-grid e-con-boxed e-con e-parent\" data-id=\"a5589a9\" data-element_type=\"container\" data-e-type=\"container\">\n\t\t\t\t\t<div class=\"e-con-inner\">\n\t\t\t\t<div class=\"elementor-element elementor-element-385417f elementor-widget elementor-widget-wd_image_or_svg\" data-id=\"385417f\" data-element_type=\"widget\" data-e-type=\"widget\" data-widget_type=\"wd_image_or_svg.default\">\n\t\t\t\t<div class=\"elementor-widget-container\">\n\t\t\t\t\t\n\t\t<div class=\"wd-image text-center\">\n\t\t\t\t\t\t\t\t<img decoding=\"async\" width=\"255\" height=\"300\" src=\"https:\/\/ozon3plus.net\/wp-content\/uploads\/2025\/05\/Atlashousing3lu5-255x300.jpeg\" class=\"attachment-medium size-medium\" alt=\"\" srcset=\"https:\/\/ozon3plus.net\/wp-content\/uploads\/2025\/05\/Atlashousing3lu5-255x300.jpeg 255w, https:\/\/ozon3plus.net\/wp-content\/uploads\/2025\/05\/Atlashousing3lu5-150x177.jpeg 150w, https:\/\/ozon3plus.net\/wp-content\/uploads\/2025\/05\/Atlashousing3lu5-900x1061.jpeg 900w, https:\/\/ozon3plus.net\/wp-content\/uploads\/2025\/05\/Atlashousing3lu5-679x800.jpeg 679w, https:\/\/ozon3plus.net\/wp-content\/uploads\/2025\/05\/Atlashousing3lu5-768x905.jpeg 768w, https:\/\/ozon3plus.net\/wp-content\/uploads\/2025\/05\/Atlashousing3lu5-10x12.jpeg 10w, https:\/\/ozon3plus.net\/wp-content\/uploads\/2025\/05\/Atlashousing3lu5.jpeg 1125w\" sizes=\"(max-width: 255px) 100vw, 255px\" \/>\t\t\t\t\t<\/div>\n\n\t\t\t\t\t\t<\/div>\n\t\t\t\t<\/div>\n\t\t\t\t<div class=\"elementor-element elementor-element-9165a58 elementor-widget elementor-widget-wd_text_block\" data-id=\"9165a58\" data-element_type=\"widget\" data-e-type=\"widget\" data-widget_type=\"wd_text_block.default\">\n\t\t\t\t<div class=\"elementor-widget-container\">\n\t\t\t\t\t\t\t<div class=\"wd-text-block reset-last-child text-left\">\n\t\t\t\n\t\t\t<p>Bu \u00fcr\u00fcn OZONPLUS taraf\u0131ndan g\u00f6nderilecektir.; ; Atlas 10&#039;&#039; G\u00f6vdeli 3 Par\u00e7al\u0131 Su Ar\u0131tma Filtresi D\u00fcz Giri\u015fli Su Ar\u0131tma Sistemi Bas\u0131nca Dayan\u0131kl\u0131 Sistem Avrupa&#039;daki En Kaliteli \u00dc\u00e7l\u00fc Su Ar\u0131tma Sistemidir.; Marka: Atlas \u0130talya&#039;da \u00dcretilmi\u015ftir 3 A\u015famal\u0131 N.; f.; s Onayl\u0131 - D\u00fcz Giri\u015fli Su Ar\u0131tma Sistemi Marka: Atlas \u0130talya&#039;da \u00dcretilmi\u015ftir ;<\/p>\n\t\t\t\t\t<\/div>\n\t\t\t\t\t\t<\/div>\n\t\t\t\t<\/div>\n\t\t\t\t\t<\/div>\n\t\t\t\t<\/div>\n\t\t\t\t<\/div>","protected":false},"excerpt":{"rendered":"<p>\u015feffaf filtre muhafazas\u0131 10\u201d\/20\u201d\/10\u201d \u00fc\u00e7l\u00fcs\u00fc<\/p>","protected":false},"featured_media":28606,"comment_status":"open","ping_status":"closed","template":"","meta":[],"product_brand":[113],"product_cat":[52,45,42],"product_tag":[114,100,116,115],"class_list":{"0":"post-28603","1":"product","2":"type-product","3":"status-publish","4":"has-post-thumbnail","6":"product_brand-atlas","7":"product_cat-fresh-water","8":"product_cat-industrial-water-treatment","9":"product_cat-water-treatment","10":"product_tag-atlas","11":"product_tag-filter","12":"product_tag-housing","13":"product_tag-kap","15":"first","16":"instock","17":"shipping-taxable","18":"purchasable","19":"product-type-simple"},"_links":{"self":[{"href":"https:\/\/ozon3plus.net\/tr\/wp-json\/wp\/v2\/product\/28603","targetHints":{"allow":["GET"]}}],"collection":[{"href":"https:\/\/ozon3plus.net\/tr\/wp-json\/wp\/v2\/product"}],"about":[{"href":"https:\/\/ozon3plus.net\/tr\/wp-json\/wp\/v2\/types\/product"}],"replies":[{"embeddable":true,"href":"https:\/\/ozon3plus.net\/tr\/wp-json\/wp\/v2\/comments?post=28603"}],"version-history":[{"count":6,"href":"https:\/\/ozon3plus.net\/tr\/wp-json\/wp\/v2\/product\/28603\/revisions"}],"predecessor-version":[{"id":28632,"href":"https:\/\/ozon3plus.net\/tr\/wp-json\/wp\/v2\/product\/28603\/revisions\/28632"}],"wp:featuredmedia":[{"embeddable":true,"href":"https:\/\/ozon3plus.net\/tr\/wp-json\/wp\/v2\/media\/28606"}],"wp:attachment":[{"href":"https:\/\/ozon3plus.net\/tr\/wp-json\/wp\/v2\/media?parent=28603"}],"wp:term":[{"taxonomy":"product_brand","embeddable":true,"href":"https:\/\/ozon3plus.net\/tr\/wp-json\/wp\/v2\/product_brand?post=28603"},{"taxonomy":"product_cat","embeddable":true,"href":"https:\/\/ozon3plus.net\/tr\/wp-json\/wp\/v2\/product_cat?post=28603"},{"taxonomy":"product_tag","embeddable":true,"href":"https:\/\/ozon3plus.net\/tr\/wp-json\/wp\/v2\/product_tag?post=28603"}],"curies":[{"name":"wp","href":"https:\/\/api.w.org\/{rel}","templated":true}]}}