{"id":28540,"date":"2025-04-30T12:48:56","date_gmt":"2025-04-30T12:48:56","guid":{"rendered":"https:\/\/ozon3plus.net\/?post_type=product&#038;p=28540"},"modified":"2025-04-30T13:58:45","modified_gmt":"2025-04-30T13:58:45","slug":"open-case-water-purification-first-3-filters","status":"publish","type":"product","link":"https:\/\/ozon3plus.net\/tr\/urun\/open-case-water-purification-first-3-filters\/","title":{"rendered":"A\u00e7\u0131k Kasa Su Ar\u0131tma ilk 3 filtre"},"content":{"rendered":"<div data-elementor-type=\"product-post\" data-elementor-id=\"28540\" class=\"elementor elementor-28540\" data-elementor-post-type=\"product\">\n\t\t\t\t<div class=\"wd-negative-gap elementor-element elementor-element-44924894 e-flex e-con-boxed e-con e-parent\" data-id=\"44924894\" data-element_type=\"container\" data-e-type=\"container\">\n\t\t\t\t\t<div class=\"e-con-inner\">\n\t\t\t\t<div class=\"elementor-element elementor-element-2a2f3078 color-scheme-inherit text-left elementor-widget elementor-widget-text-editor\" data-id=\"2a2f3078\" data-element_type=\"widget\" data-e-type=\"widget\" data-widget_type=\"text-editor.default\">\n\t\t\t\t<div class=\"elementor-widget-container\">\n\t\t\t\t\t\t\t\t\tA\u00e7\u0131k kasa su ar\u0131tma cihazlar\u0131yla uyumlu 5 par\u00e7al\u0131 filtre seti. Membran \u00fcr\u00fcn fiyat\u0131na dahildir. Set i\u00e7erisinde 5 adet filtre bulunmaktad\u0131r.\t\t\t\t\t\t\t\t<\/div>\n\t\t\t\t<\/div>\n\t\t\t\t\t<\/div>\n\t\t\t\t<\/div>\n\t\t<div class=\"wd-negative-gap elementor-element elementor-element-057e033 e-flex e-con-boxed e-con e-parent\" data-id=\"057e033\" data-element_type=\"container\" data-e-type=\"container\">\n\t\t\t\t\t<div class=\"e-con-inner\">\n\t\t\t\t<div class=\"elementor-element elementor-element-af6693d elementor-widget__width-auto elementor-widget elementor-widget-wd_image_or_svg\" data-id=\"af6693d\" data-element_type=\"widget\" data-e-type=\"widget\" data-widget_type=\"wd_image_or_svg.default\">\n\t\t\t\t<div class=\"elementor-widget-container\">\n\t\t\t\t\t\n\t\t<div class=\"wd-image text-left photoswipe-images\">\n\t\t\t\t\t\t\t<a  href=\"https:\/\/ozon3plus.net\/wp-content\/uploads\/2025\/04\/water1.jpeg\"data-width=\"347\" data-height=\"145\" data-elementor-open-lightbox=\"no\" aria-label=\"Image link\">\n\t\t\t\t\t\t\t\t<img fetchpriority=\"high\" decoding=\"async\" width=\"347\" height=\"145\" src=\"https:\/\/ozon3plus.net\/wp-content\/uploads\/2025\/04\/water1.jpeg\" class=\"attachment-1536x1536 size-1536x1536\" alt=\"\" srcset=\"https:\/\/ozon3plus.net\/wp-content\/uploads\/2025\/04\/water1.jpeg 347w, https:\/\/ozon3plus.net\/wp-content\/uploads\/2025\/04\/water1-150x63.jpeg 150w, https:\/\/ozon3plus.net\/wp-content\/uploads\/2025\/04\/water1-18x8.jpeg 18w\" sizes=\"(max-width: 347px) 100vw, 347px\" \/>\t\t\t\t\t\t\t<\/a>\n\t\t\t\t\t<\/div>\n\n\t\t\t\t\t\t<\/div>\n\t\t\t\t<\/div>\n\t\t\t\t\t<\/div>\n\t\t\t\t<\/div>\n\t\t\t\t<\/div>","protected":false},"excerpt":{"rendered":"<p>A\u00e7\u0131k kasa su ar\u0131t\u0131c\u0131lar\u0131 ile uyumlu 3 par\u00e7al\u0131 filtre seti. ; Set i\u00e7erisinde 3 adet filtre bulunmaktad\u0131r; 1. a\u015fama Spun filtre; 5 mikron Spun filtre ilk temizleme a\u015famalar\u0131 olarak d\u00fc\u015f\u00fcn\u00fclebilir. Spun sediment filtre s\u0131k\u0131\u015ft\u0131r\u0131lm\u0131\u015f ka\u011f\u0131t gibi bir yap\u0131ya sahiptir. Sudaki \u00e7\u00f6z\u00fcnmemi\u015f partik\u00fcller, kir, tortu, kum bu ilk filtre taraf\u0131ndan sa\u011flan\u0131r. Nsf (Ulusal Sanitasyon Vakf\u0131) onayl\u0131 ve yerli \u00fcretimdir. 2. a\u015fama Gran\u00fcl aktif karbon filtre; Gran\u00fcl aktif karbon filtre, ters ozmoz filtrasyonunun ikinci a\u015famas\u0131d\u0131r. Sudaki renk, tat ve kimyasal maddeleri tutar. Kaliteli i\u00e7me suyunda bulunmamas\u0131 gereken klor ve di\u011fer kimyasal maddeleri ar\u0131tarak membran filtreyi korur ve ters ozmoz i\u015fleminin kusursuz bir \u015fekilde y\u00fcr\u00fct\u00fclmesini sa\u011flar. Nsf (Ulusal Sanitasyon Vakf\u0131) onayl\u0131 ve yerli \u00fcretimdir. 3. a\u015fama Blok Karbon Filtre; Birinci a\u015fama filtreden ge\u00e7mi\u015f olan klor, renk, tat ve koku olu\u015fturan \u00e7\u00f6z\u00fcnm\u00fc\u015f gazlar, kal\u0131nt\u0131lar ve organik maddelerin ar\u0131t\u0131m\u0131n\u0131 sa\u011flar. Bu filtre, aktif karbondan olu\u015fur ve klor, koku, organik kirleticiler, pestisitler ve koku ve tad\u0131 etkileyen kimyasallar\u0131 ar\u0131tmak i\u00e7in tasarlanm\u0131\u015ft\u0131r. NSF (Ulusal Sanitasyon Vakf\u0131) onayl\u0131d\u0131r ve yerli \u00fcretimdir. T\u00fcm a\u00e7\u0131k kasa su ar\u0131tma sistemleriyle uyumludur.<\/p>","protected":false},"featured_media":28542,"comment_status":"open","ping_status":"closed","template":"","meta":[],"product_brand":[65],"product_cat":[52,43,42],"product_tag":[100,107],"class_list":{"0":"post-28540","1":"product","2":"type-product","3":"status-publish","4":"has-post-thumbnail","6":"product_brand-water-treatment","7":"product_cat-fresh-water","8":"product_cat-ozon3","9":"product_cat-water-treatment","10":"product_tag-filter","11":"product_tag-open-kase","13":"first","14":"instock","15":"sale","16":"shipping-taxable","17":"purchasable","18":"product-type-simple"},"_links":{"self":[{"href":"https:\/\/ozon3plus.net\/tr\/wp-json\/wp\/v2\/product\/28540","targetHints":{"allow":["GET"]}}],"collection":[{"href":"https:\/\/ozon3plus.net\/tr\/wp-json\/wp\/v2\/product"}],"about":[{"href":"https:\/\/ozon3plus.net\/tr\/wp-json\/wp\/v2\/types\/product"}],"replies":[{"embeddable":true,"href":"https:\/\/ozon3plus.net\/tr\/wp-json\/wp\/v2\/comments?post=28540"}],"version-history":[{"count":1,"href":"https:\/\/ozon3plus.net\/tr\/wp-json\/wp\/v2\/product\/28540\/revisions"}],"predecessor-version":[{"id":28543,"href":"https:\/\/ozon3plus.net\/tr\/wp-json\/wp\/v2\/product\/28540\/revisions\/28543"}],"wp:featuredmedia":[{"embeddable":true,"href":"https:\/\/ozon3plus.net\/tr\/wp-json\/wp\/v2\/media\/28542"}],"wp:attachment":[{"href":"https:\/\/ozon3plus.net\/tr\/wp-json\/wp\/v2\/media?parent=28540"}],"wp:term":[{"taxonomy":"product_brand","embeddable":true,"href":"https:\/\/ozon3plus.net\/tr\/wp-json\/wp\/v2\/product_brand?post=28540"},{"taxonomy":"product_cat","embeddable":true,"href":"https:\/\/ozon3plus.net\/tr\/wp-json\/wp\/v2\/product_cat?post=28540"},{"taxonomy":"product_tag","embeddable":true,"href":"https:\/\/ozon3plus.net\/tr\/wp-json\/wp\/v2\/product_tag?post=28540"}],"curies":[{"name":"wp","href":"https:\/\/api.w.org\/{rel}","templated":true}]}}