{"id":28502,"date":"2025-04-29T08:36:48","date_gmt":"2025-04-29T08:36:48","guid":{"rendered":"https:\/\/ozon3plus.net\/?post_type=product&#038;p=28502"},"modified":"2025-05-15T14:33:41","modified_gmt":"2025-05-15T14:33:41","slug":"water-pump-emh-4-5-copy","status":"publish","type":"product","link":"https:\/\/ozon3plus.net\/tr\/urun\/water-pump-emh-4-5-copy\/","title":{"rendered":"APm37 pompas\u0131"},"content":{"rendered":"<div data-elementor-type=\"wp-post\" data-elementor-id=\"28502\" class=\"elementor elementor-28502\" data-elementor-post-type=\"product\">\n\t\t\t\t<div class=\"wd-negative-gap elementor-element elementor-element-e50356f e-flex e-con-boxed e-con e-parent\" data-id=\"e50356f\" data-element_type=\"container\" data-e-type=\"container\">\n\t\t\t\t\t<div class=\"e-con-inner\">\n\t\t<div class=\"elementor-element elementor-element-dad3cc8 e-con-full e-flex e-con e-child\" data-id=\"dad3cc8\" data-element_type=\"container\" data-e-type=\"container\">\n\t\t\t\t<div class=\"elementor-element elementor-element-c5af5ae elementor-widget elementor-widget-wd_text_block\" data-id=\"c5af5ae\" data-element_type=\"widget\" data-e-type=\"widget\" data-widget_type=\"wd_text_block.default\">\n\t\t\t\t<div class=\"elementor-widget-container\">\n\t\t\t\t\t\t\t<div class=\"wd-text-block reset-last-child text-left\">\n\t\t\t\n\t\t\t<h3>S\u00fcrt\u00fcnmeli Fan Pompa Motorunun \u00d6zellikleri<\/h3><p>Bak\u0131r sarg\u0131<br \/>Tek fazl\u0131 motor i\u00e7in dahili termal koruyucu<br \/>Yal\u0131t\u0131m s\u0131n\u0131f\u0131: F<br \/>Koruma s\u0131n\u0131f\u0131: IPX4<br \/>Maksimum ortam s\u0131cakl\u0131\u011f\u0131: +40 \u2103<\/p>\n\t\t\t\t\t<\/div>\n\t\t\t\t\t\t<\/div>\n\t\t\t\t<\/div>\n\t\t\t\t<div class=\"elementor-element elementor-element-d378096 elementor-widget elementor-widget-wd_text_block\" data-id=\"d378096\" data-element_type=\"widget\" data-e-type=\"widget\" data-widget_type=\"wd_text_block.default\">\n\t\t\t\t<div class=\"elementor-widget-container\">\n\t\t\t\t\t\t\t<div class=\"wd-text-block reset-last-child text-left\">\n\t\t\t\n\t\t\t\n\t\t\t\t\t<\/div>\n\t\t\t\t\t\t<\/div>\n\t\t\t\t<\/div>\n\t\t\t\t<div class=\"elementor-element elementor-element-5bac8c9 elementor-widget elementor-widget-wd_text_block\" data-id=\"5bac8c9\" data-element_type=\"widget\" data-e-type=\"widget\" data-widget_type=\"wd_text_block.default\">\n\t\t\t\t<div class=\"elementor-widget-container\">\n\t\t\t\t\t\t\t<div class=\"wd-text-block reset-last-child text-left\">\n\t\t\t\n\t\t\t<div><div><div><div>\u00a0<\/div><\/div><table style=\"height: 69px;\" width=\"418\"><tbody><tr><td colspan=\"3\" rowspan=\"2\">MODEL<\/td><td colspan=\"2\">G\u00dc\u00c7<\/td><td>m\u00b3\/saat<\/td><td>0<\/td><td>0.3<\/td><td>0.6<\/td><td>0.9<\/td><td>1.2<\/td><td>1.5<\/td><td>1.8<\/td><td>2.1<\/td><td>2.4<\/td><td>3<\/td><td>3.6<\/td><td>4.2<\/td><\/tr><tr><td>KW<\/td><td>HP<\/td><td>l\/dk<\/td><td>0<\/td><td>5<\/td><td>10<\/td><td>15<\/td><td>20<\/td><td>25<\/td><td>30<\/td><td>35<\/td><td>40<\/td><td>50<\/td><td>60<\/td><td>70<\/td><\/tr><tr><td colspan=\"3\">APm37<\/td><td>0.37<\/td><td>0.5<\/td><td>H(m)<\/td><td>40<\/td><td>35<\/td><td>30<\/td><td>25<\/td><td>20<\/td><td>15<\/td><td>10<\/td><td>5<\/td><td>2<\/td><td>-<\/td><td>-<\/td><td>-<\/td><\/tr><\/tbody><\/table><\/div><\/div><p><img fetchpriority=\"high\" decoding=\"async\" class=\"alignleft\" src=\"https:\/\/cdn.dsmcdn.com\/ty1604\/product\/media\/html-images\/20241119\/10\/877141310\/063956d7-fc45-42ca-91b3-4b0eeb187f43.jpg\" alt=\"s\u00fcrtme fanl\u0131 pompa\" width=\"600\" height=\"361\" \/><\/p>\n\t\t\t\t\t<\/div>\n\t\t\t\t\t\t<\/div>\n\t\t\t\t<\/div>\n\t\t\t\t<div class=\"elementor-element elementor-element-3b24824 elementor-widget elementor-widget-wd_text_block\" data-id=\"3b24824\" data-element_type=\"widget\" data-e-type=\"widget\" data-widget_type=\"wd_text_block.default\">\n\t\t\t\t<div class=\"elementor-widget-container\">\n\t\t\t\t\t\t\t<div class=\"wd-text-block reset-last-child text-left\">\n\t\t\t\n\t\t\t\n\t\t\t\t\t<\/div>\n\t\t\t\t\t\t<\/div>\n\t\t\t\t<\/div>\n\t\t\t\t<div class=\"elementor-element elementor-element-f63194c elementor-widget elementor-widget-wd_text_block\" data-id=\"f63194c\" data-element_type=\"widget\" data-e-type=\"widget\" data-widget_type=\"wd_text_block.default\">\n\t\t\t\t<div class=\"elementor-widget-container\">\n\t\t\t\t\t\t\t<div class=\"wd-text-block reset-last-child text-left\">\n\t\t\t\n\t\t\t\n\t\t\t\t\t<\/div>\n\t\t\t\t\t\t<\/div>\n\t\t\t\t<\/div>\n\t\t\t\t<div class=\"elementor-element elementor-element-e1b6cdb elementor-widget elementor-widget-wd_text_block\" data-id=\"e1b6cdb\" data-element_type=\"widget\" data-e-type=\"widget\" data-widget_type=\"wd_text_block.default\">\n\t\t\t\t<div class=\"elementor-widget-container\">\n\t\t\t\t\t\t\t<div class=\"wd-text-block reset-last-child text-left\">\n\t\t\t\n\t\t\t\n\t\t\t\t\t<\/div>\n\t\t\t\t\t\t<\/div>\n\t\t\t\t<\/div>\n\t\t\t\t<\/div>\n\t\t<div class=\"elementor-element elementor-element-ac73b32 e-con-full e-flex e-con e-child\" data-id=\"ac73b32\" data-element_type=\"container\" data-e-type=\"container\">\n\t\t\t\t<\/div>\n\t\t<div class=\"elementor-element elementor-element-6c75a03 e-con-full e-flex e-con e-child\" data-id=\"6c75a03\" data-element_type=\"container\" data-e-type=\"container\">\n\t\t\t\t<\/div>\n\t\t\t\t<div class=\"elementor-element elementor-element-2c5557d elementor-widget elementor-widget-wd_text_block\" data-id=\"2c5557d\" data-element_type=\"widget\" data-e-type=\"widget\" data-widget_type=\"wd_text_block.default\">\n\t\t\t\t<div class=\"elementor-widget-container\">\n\t\t\t\t\t\t\t<div class=\"wd-text-block reset-last-child text-left\">\n\t\t\t\n\t\t\t<h3>S\u00fcrt\u00fcnmeli Fan Pompas\u0131n\u0131n \u00d6zellikleri<\/h3><p>D\u00f6kme demir pompa g\u00f6vdesi ve destek i\u00e7in \u00f6zel pas \u00f6nleyici i\u015flem.<br \/>Pervane T\u0131kanma \u00d6nleme Sistemi<br \/>Pirin\u00e7 pervane<br \/>AISI 304 \u015faft<br \/>Maksimum s\u0131v\u0131 s\u0131cakl\u0131\u011f\u0131: +40\u2103<br \/>Maksimum Emme G\u00fcc\u00fc: 8m<br \/>0,37 kW<br \/>0,5 Beygir g\u00fcc\u00fc<br \/>Giri\u015f: 1&quot;(25mm)<br \/>\u00c7\u0131k\u0131\u015f: 1&quot;(25mm)<\/p><p>HP: 0,50 HP<br \/>kW : 0,37 kW<br \/>Voltaj: 220 Volt (Tek Faz)<br \/>Maksimum ak\u0131\u015f h\u0131z\u0131 (m\u00b3\/h): 0-5 m\u00b3\/h<br \/>Maksimum Y\u00fckseklik (mSS): 31-40 mSS<br \/>Giri\u015f \u00c7ap\u0131: 1&quot; - 25 mm<br \/>\u00c7\u0131k\u0131\u015f Boyutu: 1&quot; - 25 mm<br \/>H\u0131z \u200b\u200bD\/D: 2900 rpm<br \/>Emme Derinli\u011fi: 8 Metre<\/p>\n\t\t\t\t\t<\/div>\n\t\t\t\t\t\t<\/div>\n\t\t\t\t<\/div>\n\t\t\t\t\t<\/div>\n\t\t\t\t<\/div>\n\t\t<div class=\"wd-negative-gap elementor-element elementor-element-d2d63d3 e-flex e-con-boxed e-con e-parent\" data-id=\"d2d63d3\" data-element_type=\"container\" data-e-type=\"container\">\n\t\t\t\t\t<div class=\"e-con-inner\">\n\t\t\t\t<div class=\"elementor-element elementor-element-0e1f8c5 elementor-widget elementor-widget-wd_text_block\" data-id=\"0e1f8c5\" data-element_type=\"widget\" data-e-type=\"widget\" data-widget_type=\"wd_text_block.default\">\n\t\t\t\t<div class=\"elementor-widget-container\">\n\t\t\t\t\t\t\t<div class=\"wd-text-block reset-last-child text-left\">\n\t\t\t\n\t\t\t<div><div><div><div><img decoding=\"async\" class=\"aligncenter\" src=\"https:\/\/cdn.dsmcdn.com\/ty1603\/product\/media\/html-images\/20241119\/10\/877141310\/d59f1aef-4af5-4218-b93f-f2c809681303.jpg\" alt=\"s\u00fcrtme fanl\u0131 pompa\" width=\"600\" height=\"450\" \/><\/div><\/div><table><tbody><tr><td>\u00a0<\/td><\/tr><\/tbody><\/table><\/div><\/div>\n\t\t\t\t\t<\/div>\n\t\t\t\t\t\t<\/div>\n\t\t\t\t<\/div>\n\t\t\t\t\t<\/div>\n\t\t\t\t<\/div>\n\t\t\t\t<\/div>","protected":false},"excerpt":{"rendered":"<p>S\u00fcrt\u00fcnmeli fanl\u0131 pompa, temiz su veya fiziksel ve kimyasal \u00f6zellikleri suya benzeyen di\u011fer s\u0131v\u0131lar\u0131 transfer etmek i\u00e7in kullan\u0131labilir. Kuyulardan su \u00e7ekmek, bah\u00e7e sulamak, akan suyun bas\u0131nc\u0131n\u0131 art\u0131rmak ve ekipmanlar\u0131 desteklemek i\u00e7in uygundur.<\/p>","protected":false},"featured_media":28516,"comment_status":"open","ping_status":"closed","template":"","meta":[],"product_brand":[102,65],"product_cat":[43],"product_tag":[105,104],"class_list":{"0":"post-28502","1":"product","2":"type-product","3":"status-publish","4":"has-post-thumbnail","6":"product_brand-leo","7":"product_brand-water-treatment","8":"product_cat-ozon3","9":"product_tag-leo","10":"product_tag-pumps","12":"first","13":"instock","14":"sale","15":"shipping-taxable","16":"purchasable","17":"product-type-simple"},"_links":{"self":[{"href":"https:\/\/ozon3plus.net\/tr\/wp-json\/wp\/v2\/product\/28502","targetHints":{"allow":["GET"]}}],"collection":[{"href":"https:\/\/ozon3plus.net\/tr\/wp-json\/wp\/v2\/product"}],"about":[{"href":"https:\/\/ozon3plus.net\/tr\/wp-json\/wp\/v2\/types\/product"}],"replies":[{"embeddable":true,"href":"https:\/\/ozon3plus.net\/tr\/wp-json\/wp\/v2\/comments?post=28502"}],"version-history":[{"count":12,"href":"https:\/\/ozon3plus.net\/tr\/wp-json\/wp\/v2\/product\/28502\/revisions"}],"predecessor-version":[{"id":28644,"href":"https:\/\/ozon3plus.net\/tr\/wp-json\/wp\/v2\/product\/28502\/revisions\/28644"}],"wp:featuredmedia":[{"embeddable":true,"href":"https:\/\/ozon3plus.net\/tr\/wp-json\/wp\/v2\/media\/28516"}],"wp:attachment":[{"href":"https:\/\/ozon3plus.net\/tr\/wp-json\/wp\/v2\/media?parent=28502"}],"wp:term":[{"taxonomy":"product_brand","embeddable":true,"href":"https:\/\/ozon3plus.net\/tr\/wp-json\/wp\/v2\/product_brand?post=28502"},{"taxonomy":"product_cat","embeddable":true,"href":"https:\/\/ozon3plus.net\/tr\/wp-json\/wp\/v2\/product_cat?post=28502"},{"taxonomy":"product_tag","embeddable":true,"href":"https:\/\/ozon3plus.net\/tr\/wp-json\/wp\/v2\/product_tag?post=28502"}],"curies":[{"name":"wp","href":"https:\/\/api.w.org\/{rel}","templated":true}]}}