{"id":28501,"date":"2025-04-28T13:55:02","date_gmt":"2025-04-28T13:55:02","guid":{"rendered":"https:\/\/ozon3plus.net\/?post_type=product&#038;p=28501"},"modified":"2025-04-29T09:29:06","modified_gmt":"2025-04-29T09:29:06","slug":"water-pump-apm75","status":"publish","type":"product","link":"https:\/\/ozon3plus.net\/tr\/urun\/water-pump-apm75\/","title":{"rendered":"Su Pompas\u0131 APm75"},"content":{"rendered":"<div data-elementor-type=\"wp-post\" data-elementor-id=\"28501\" class=\"elementor elementor-28501\" data-elementor-post-type=\"product\">\n\t\t\t\t<div class=\"wd-negative-gap elementor-element elementor-element-ddd1f82 e-grid e-con-boxed e-con e-parent\" data-id=\"ddd1f82\" data-element_type=\"container\" data-e-type=\"container\">\n\t\t\t\t\t<div class=\"e-con-inner\">\n\t\t\t\t<div class=\"elementor-element elementor-element-724a8f3 elementor-widget elementor-widget-wd_text_block\" data-id=\"724a8f3\" data-element_type=\"widget\" data-e-type=\"widget\" data-widget_type=\"wd_text_block.default\">\n\t\t\t\t<div class=\"elementor-widget-container\">\n\t\t\t\t\t\t\t<div class=\"wd-text-block reset-last-child text-left\">\n\t\t\t\n\t\t\t<h2>S\u00fcrt\u00fcnmeli Fan Pompas\u0131n\u0131n \u00d6zellikleri<\/h2><p>D\u00f6kme demir pompa g\u00f6vdesi ve destekleri i\u00e7in \u00f6zel pas \u00f6nleyici i\u015flem.<br \/>Pervane T\u0131kanma \u00d6nleme Sistemi<br \/>Pirin\u00e7 pervane<br \/>AISI 304 \u015faft<br \/>Maksimum s\u0131v\u0131 s\u0131cakl\u0131\u011f\u0131: +40 \u2103<br \/>Maksimum emme g\u00fcc\u00fc: 8 m<br \/>0,75 kW<br \/>1 Beygir g\u00fcc\u00fc<br \/>Giri\u015f: 1&quot;(25mm)<br \/>\u00c7\u0131k\u0131\u015f: 1&quot;(25mm)<\/p>\n\t\t\t\t\t<\/div>\n\t\t\t\t\t\t<\/div>\n\t\t\t\t<\/div>\n\t\t\t\t<div class=\"elementor-element elementor-element-05ae2b5 elementor-widget elementor-widget-wd_text_block\" data-id=\"05ae2b5\" data-element_type=\"widget\" data-e-type=\"widget\" data-widget_type=\"wd_text_block.default\">\n\t\t\t\t<div class=\"elementor-widget-container\">\n\t\t\t\t\t\t\t<div class=\"wd-text-block reset-last-child text-left\">\n\t\t\t\n\t\t\t<h2>S\u00fcrt\u00fcnmeli Fan Pompa Motorunun \u00d6zellikleri<\/h2><p>Bak\u0131r sarg\u0131<br \/>Tek fazl\u0131 motor i\u00e7in dahili termal koruyucu<br \/>Yal\u0131t\u0131m s\u0131n\u0131f\u0131: F<br \/>Koruma s\u0131n\u0131f\u0131: IPX4<br \/>Maksimum ortam s\u0131cakl\u0131\u011f\u0131: +40 \u2103<\/p>\n\t\t\t\t\t<\/div>\n\t\t\t\t\t\t<\/div>\n\t\t\t\t<\/div>\n\t\t\t\t\t<\/div>\n\t\t\t\t<\/div>\n\t\t<div class=\"wd-negative-gap elementor-element elementor-element-f156ca9 e-flex e-con-boxed e-con e-parent\" data-id=\"f156ca9\" data-element_type=\"container\" data-e-type=\"container\">\n\t\t\t\t\t<div class=\"e-con-inner\">\n\t\t<div class=\"elementor-element elementor-element-7072e67 e-con-full e-flex e-con e-child\" data-id=\"7072e67\" data-element_type=\"container\" data-e-type=\"container\">\n\t\t\t\t<div class=\"elementor-element elementor-element-77fdb9e elementor-widget elementor-widget-wd_text_block\" data-id=\"77fdb9e\" data-element_type=\"widget\" data-e-type=\"widget\" data-widget_type=\"wd_text_block.default\">\n\t\t\t\t<div class=\"elementor-widget-container\">\n\t\t\t\t\t\t\t<div class=\"wd-text-block reset-last-child text-left\">\n\t\t\t\n\t\t\t<div><div><div><div><div><div><img decoding=\"async\" src=\"https:\/\/cdn.dsmcdn.com\/ty1603\/product\/media\/html-images\/20241119\/10\/877147951\/46403eff-1070-4a93-aa8b-bb0e9ccb0091.jpg\" alt=\"s\u00fcrtme fanl\u0131 pompa\" \/> <\/div><\/div><\/div><\/div><table><tbody><tr><td colspan=\"3\" rowspan=\"2\">MODEL <\/td><td colspan=\"2\">G\u00dc\u00c7 <\/td><td>m\u00b3\/saat <\/td><td>0 <\/td><td>0.3 <\/td><td>0.6 <\/td><td>0.9 <\/td><td>1.2 <\/td><td>1.5 <\/td><td>1.8 <\/td><td>2.1 <\/td><td>2.4 <\/td><td>3 <\/td><td>3.6 <\/td><td>4.2 <\/td><\/tr><tr><td>KW <\/td><td>HP <\/td><td>l\/dk <\/td><td>0 <\/td><td>5 <\/td><td>10 <\/td><td>15 <\/td><td>20 <\/td><td>25 <\/td><td>30 <\/td><td>35 <\/td><td>40 <\/td><td>50 <\/td><td>60 <\/td><td>70 <\/td><\/tr><tr><td colspan=\"3\">APm75 <\/td><td>0.75 <\/td><td>1 <\/td><td>H(m) <\/td><td>75 <\/td><td>70 <\/td><td>60 <\/td><td>50 <\/td><td>45 <\/td><td>35 <\/td><td>28 <\/td><td>22 <\/td><td>15 <\/td><td>5 <\/td><td>- <\/td><td>-<\/td><\/tr><\/tbody><\/table><\/div><\/div>\n\t\t\t\t\t<\/div>\n\t\t\t\t\t\t<\/div>\n\t\t\t\t<\/div>\n\t\t\t\t<\/div>\n\t\t<div class=\"elementor-element elementor-element-e47b28c e-con-full e-flex e-con e-child\" data-id=\"e47b28c\" data-element_type=\"container\" data-e-type=\"container\">\n\t\t\t\t<\/div>\n\t\t<div class=\"elementor-element elementor-element-7ac0a3d e-con-full e-flex e-con e-child\" data-id=\"7ac0a3d\" data-element_type=\"container\" data-e-type=\"container\">\n\t\t\t\t<\/div>\n\t\t<div class=\"elementor-element elementor-element-faf9a6c e-con-full e-flex e-con e-child\" data-id=\"faf9a6c\" data-element_type=\"container\" data-e-type=\"container\">\n\t\t\t\t<\/div>\n\t\t\t\t\t<\/div>\n\t\t\t\t<\/div>\n\t\t<div class=\"wd-negative-gap elementor-element elementor-element-f67e9ef e-grid e-con-boxed e-con e-parent\" data-id=\"f67e9ef\" data-element_type=\"container\" data-e-type=\"container\">\n\t\t\t\t\t<div class=\"e-con-inner\">\n\t\t\t\t<div class=\"elementor-element elementor-element-fd1436f elementor-widget elementor-widget-wd_text_block\" data-id=\"fd1436f\" data-element_type=\"widget\" data-e-type=\"widget\" data-widget_type=\"wd_text_block.default\">\n\t\t\t\t<div class=\"elementor-widget-container\">\n\t\t\t\t\t\t\t<div class=\"wd-text-block reset-last-child text-left\">\n\t\t\t\n\t\t\t<p><img decoding=\"async\" src=\"https:\/\/cdn.dsmcdn.com\/ty1603\/product\/media\/html-images\/20241119\/10\/877147951\/da5f57d8-0a25-454f-8e8d-384cff689fcc.jpg\" alt=\"s\u00fcrtme fanl\u0131 pompa\" \/><\/p>\n\t\t\t\t\t<\/div>\n\t\t\t\t\t\t<\/div>\n\t\t\t\t<\/div>\n\t\t\t\t<div class=\"elementor-element elementor-element-362a9c7 elementor-widget elementor-widget-wd_text_block\" data-id=\"362a9c7\" data-element_type=\"widget\" data-e-type=\"widget\" data-widget_type=\"wd_text_block.default\">\n\t\t\t\t<div class=\"elementor-widget-container\">\n\t\t\t\t\t\t\t<div class=\"wd-text-block reset-last-child text-left\">\n\t\t\t\n\t\t\t<p><strong>HP: 1 HP<\/strong><br \/><strong>kW : 0,75 kW<\/strong><br \/><strong>Voltaj: 220 Volt (Tek Faz)<\/strong><br \/><strong>Maksimum ak\u0131\u015f h\u0131z\u0131 (m\u00b3\/h): 0-5 m\u00b3\/h<\/strong><br \/><strong>Maksimum Boy (mSS): 51-75 mSS<\/strong><br \/><strong>Giri\u015f \u00c7ap\u0131: 1&quot; - 25 mm<\/strong><br \/><strong>\u00c7\u0131k\u0131\u015f Boyutu: 1&quot; - 25 mm<\/strong><br \/><strong>H\u0131z \u200b\u200bD\/D: 2900 rpm<\/strong><br \/><strong>Emme Derinli\u011fi: 8 Metre<\/strong><\/p>\n\t\t\t\t\t<\/div>\n\t\t\t\t\t\t<\/div>\n\t\t\t\t<\/div>\n\t\t\t\t\t<\/div>\n\t\t\t\t<\/div>\n\t\t\t\t<\/div>","protected":false},"excerpt":{"rendered":"<p>S\u00fcrt\u00fcnmeli fanl\u0131 pompa, temiz su veya fiziksel ve kimyasal \u00f6zellikleri suya benzeyen di\u011fer s\u0131v\u0131lar\u0131 transfer etmek i\u00e7in kullan\u0131labilir. Kuyulardan su \u00e7ekmek, bah\u00e7e sulamak, akan suyun bas\u0131nc\u0131n\u0131 art\u0131rmak ve ekipmanlar\u0131 desteklemek i\u00e7in uygundur.<\/p>","protected":false},"featured_media":28504,"comment_status":"open","ping_status":"closed","template":"","meta":[],"product_brand":[102,65],"product_cat":[45,90,42],"product_tag":[105,104,106],"class_list":{"0":"post-28501","1":"product","2":"type-product","3":"status-publish","4":"has-post-thumbnail","6":"product_brand-leo","7":"product_brand-water-treatment","8":"product_cat-industrial-water-treatment","9":"product_cat-pumps","10":"product_cat-water-treatment","11":"product_tag-leo","12":"product_tag-pumps","13":"product_tag-water","15":"first","16":"instock","17":"sale","18":"shipping-taxable","19":"purchasable","20":"product-type-simple"},"_links":{"self":[{"href":"https:\/\/ozon3plus.net\/tr\/wp-json\/wp\/v2\/product\/28501","targetHints":{"allow":["GET"]}}],"collection":[{"href":"https:\/\/ozon3plus.net\/tr\/wp-json\/wp\/v2\/product"}],"about":[{"href":"https:\/\/ozon3plus.net\/tr\/wp-json\/wp\/v2\/types\/product"}],"replies":[{"embeddable":true,"href":"https:\/\/ozon3plus.net\/tr\/wp-json\/wp\/v2\/comments?post=28501"}],"version-history":[{"count":5,"href":"https:\/\/ozon3plus.net\/tr\/wp-json\/wp\/v2\/product\/28501\/revisions"}],"predecessor-version":[{"id":28513,"href":"https:\/\/ozon3plus.net\/tr\/wp-json\/wp\/v2\/product\/28501\/revisions\/28513"}],"wp:featuredmedia":[{"embeddable":true,"href":"https:\/\/ozon3plus.net\/tr\/wp-json\/wp\/v2\/media\/28504"}],"wp:attachment":[{"href":"https:\/\/ozon3plus.net\/tr\/wp-json\/wp\/v2\/media?parent=28501"}],"wp:term":[{"taxonomy":"product_brand","embeddable":true,"href":"https:\/\/ozon3plus.net\/tr\/wp-json\/wp\/v2\/product_brand?post=28501"},{"taxonomy":"product_cat","embeddable":true,"href":"https:\/\/ozon3plus.net\/tr\/wp-json\/wp\/v2\/product_cat?post=28501"},{"taxonomy":"product_tag","embeddable":true,"href":"https:\/\/ozon3plus.net\/tr\/wp-json\/wp\/v2\/product_tag?post=28501"}],"curies":[{"name":"wp","href":"https:\/\/api.w.org\/{rel}","templated":true}]}}