{"id":28472,"date":"2025-04-24T15:11:51","date_gmt":"2025-04-24T15:11:51","guid":{"rendered":"https:\/\/ozon3plus.net\/?post_type=product&#038;p=28472"},"modified":"2025-04-24T15:19:48","modified_gmt":"2025-04-24T15:19:48","slug":"__trashed","status":"publish","type":"product","link":"https:\/\/ozon3plus.net\/tr\/urun\/__trashed\/","title":{"rendered":"PALLAS MEMBRANEM (Kopya)"},"content":{"rendered":"<div data-elementor-type=\"wp-post\" data-elementor-id=\"28472\" class=\"elementor elementor-28472\" data-elementor-post-type=\"product\">\n\t\t\t\t<div class=\"wd-negative-gap elementor-element elementor-element-8fe9a00 e-flex e-con-boxed e-con e-parent\" data-id=\"8fe9a00\" data-element_type=\"container\" data-e-type=\"container\">\n\t\t\t\t\t<div class=\"e-con-inner\">\n\t\t<div class=\"elementor-element elementor-element-430e551 e-con-full e-flex e-con e-child\" data-id=\"430e551\" data-element_type=\"container\" data-e-type=\"container\">\n\t\t\t\t<div class=\"elementor-element elementor-element-05c1d79 elementor-widget elementor-widget-wd_text_block\" data-id=\"05c1d79\" data-element_type=\"widget\" data-e-type=\"widget\" data-widget_type=\"wd_text_block.default\">\n\t\t\t\t<div class=\"elementor-widget-container\">\n\t\t\t\t\t\t\t<div class=\"wd-text-block reset-last-child text-left\">\n\t\t\t\n\t\t\t<h4>\u00a0<\/h4><p><img decoding=\"async\" class=\"alignnone wp-image-28460 size-full\" src=\"https:\/\/ozon3plus.net\/wp-content\/uploads\/2025\/04\/PALLAS-e1745493594803.png\" alt=\"\" width=\"328\" height=\"122\" srcset=\"https:\/\/ozon3plus.net\/wp-content\/uploads\/2025\/04\/PALLAS-e1745493594803.png 328w, https:\/\/ozon3plus.net\/wp-content\/uploads\/2025\/04\/PALLAS-e1745493594803-150x56.png 150w, https:\/\/ozon3plus.net\/wp-content\/uploads\/2025\/04\/PALLAS-e1745493594803-18x7.png 18w\" sizes=\"(max-width: 328px) 100vw, 328px\" \/><\/p>\n\t\t\t\t\t<\/div>\n\t\t\t\t\t\t<\/div>\n\t\t\t\t<\/div>\n\t\t\t\t<\/div>\n\t\t<div class=\"elementor-element elementor-element-c189e30 e-con-full e-flex e-con e-child\" data-id=\"c189e30\" data-element_type=\"container\" data-e-type=\"container\">\n\t\t\t\t<div class=\"elementor-element elementor-element-a18d0ec elementor-widget elementor-widget-wd_text_block\" data-id=\"a18d0ec\" data-element_type=\"widget\" data-e-type=\"widget\" data-widget_type=\"wd_text_block.default\">\n\t\t\t\t<div class=\"elementor-widget-container\">\n\t\t\t\t\t\t\t<div class=\"wd-text-block reset-last-child text-left\">\n\t\t\t\n\t\t\t<h4>Membran filtre, ters ozmoz filtrasyonunun d\u00f6rd\u00fcnc\u00fc ve en \u00f6nemli a\u015famas\u0131d\u0131r. \u0130deal i\u00e7me suyu \u00fcretir.\u00a0<\/h4>\n\t\t\t\t\t<\/div>\n\t\t\t\t\t\t<\/div>\n\t\t\t\t<\/div>\n\t\t\t\t<\/div>\n\t\t<div class=\"elementor-element elementor-element-cd2d9d5 e-con-full e-flex e-con e-child\" data-id=\"cd2d9d5\" data-element_type=\"container\" data-e-type=\"container\">\n\t\t\t\t<div class=\"elementor-element elementor-element-637df21 elementor-widget elementor-widget-wd_text_block\" data-id=\"637df21\" data-element_type=\"widget\" data-e-type=\"widget\" data-widget_type=\"wd_text_block.default\">\n\t\t\t\t<div class=\"elementor-widget-container\">\n\t\t\t\t\t\t\t<div class=\"wd-text-block reset-last-child text-left\">\n\t\t\t\n\t\t\t<h4>Membran filtre, suyu y\u00fcksek bas\u0131n\u00e7 yard\u0131m\u0131yla yar\u0131 ge\u00e7irgen bir membrandan ge\u00e7irerek ters ozmoz i\u015flemini ger\u00e7ekle\u015ftirir ve b\u00f6ylece suyu nano tortulardan, partik\u00fcllerden, a\u011f\u0131r metallerden, kimyasallardan, vir\u00fcslerden, bakterilerden, mikroorganizmalardan ve kire\u00e7ten ar\u0131nd\u0131r\u0131r. Membran i\u00e7inden ge\u00e7en suyun 2\/3&#039;\u00fc oran\u0131nda d\u0131\u015far\u0131 at\u0131l\u0131r.<\/h4>\n\t\t\t\t\t<\/div>\n\t\t\t\t\t\t<\/div>\n\t\t\t\t<\/div>\n\t\t\t\t<\/div>\n\t\t\t\t\t<\/div>\n\t\t\t\t<\/div>\n\t\t<div class=\"wd-negative-gap elementor-element elementor-element-4cf4370 e-flex e-con-boxed e-con e-parent\" data-id=\"4cf4370\" data-element_type=\"container\" data-e-type=\"container\">\n\t\t\t\t\t<div class=\"e-con-inner\">\n\t\t\t\t<div class=\"elementor-element elementor-element-56c1a27 elementor-widget__width-initial elementor-widget elementor-widget-wd_image_or_svg\" data-id=\"56c1a27\" data-element_type=\"widget\" data-e-type=\"widget\" data-widget_type=\"wd_image_or_svg.default\">\n\t\t\t\t<div class=\"elementor-widget-container\">\n\t\t\t\t\t\n\t\t<div class=\"wd-image text-left\">\n\t\t\t\t\t\t\t\t<img fetchpriority=\"high\" decoding=\"async\" width=\"2560\" height=\"2560\" src=\"https:\/\/ozon3plus.net\/wp-content\/uploads\/2025\/04\/PALLAS1-scaled.jpg\" class=\"attachment-full size-full\" alt=\"\" srcset=\"https:\/\/ozon3plus.net\/wp-content\/uploads\/2025\/04\/PALLAS1-scaled.jpg 2560w, https:\/\/ozon3plus.net\/wp-content\/uploads\/2025\/04\/PALLAS1-scaled-500x500.jpg 500w, https:\/\/ozon3plus.net\/wp-content\/uploads\/2025\/04\/PALLAS1-150x150.jpg 150w, https:\/\/ozon3plus.net\/wp-content\/uploads\/2025\/04\/PALLAS1-scaled-900x900.jpg 900w, https:\/\/ozon3plus.net\/wp-content\/uploads\/2025\/04\/PALLAS1-300x300.jpg 300w, https:\/\/ozon3plus.net\/wp-content\/uploads\/2025\/04\/PALLAS1-800x800.jpg 800w, https:\/\/ozon3plus.net\/wp-content\/uploads\/2025\/04\/PALLAS1-768x768.jpg 768w, https:\/\/ozon3plus.net\/wp-content\/uploads\/2025\/04\/PALLAS1-1536x1536.jpg 1536w, https:\/\/ozon3plus.net\/wp-content\/uploads\/2025\/04\/PALLAS1-2048x2048.jpg 2048w, https:\/\/ozon3plus.net\/wp-content\/uploads\/2025\/04\/PALLAS1-12x12.jpg 12w\" sizes=\"(max-width: 2560px) 100vw, 2560px\" \/>\t\t\t\t\t<\/div>\n\n\t\t\t\t\t\t<\/div>\n\t\t\t\t<\/div>\n\t\t\t\t\t<\/div>\n\t\t\t\t<\/div>\n\t\t\t\t<\/div>","protected":false},"excerpt":{"rendered":"<p>6 bar bas\u0131n\u00e7 kapasitesi ile g\u00fc\u00e7l\u00fc ve etkili bir su ar\u0131tma performans\u0131 sunar.<\/p>","protected":false},"featured_media":28455,"comment_status":"open","ping_status":"closed","template":"","meta":[],"product_brand":[65,97],"product_cat":[52,88,42],"product_tag":[99,98],"class_list":{"0":"post-28472","1":"product","2":"type-product","3":"status-publish","4":"has-post-thumbnail","6":"product_brand-water-treatment","7":"product_brand-pallas","8":"product_cat-fresh-water","9":"product_cat-membranes","10":"product_cat-water-treatment","11":"product_tag-membrane","12":"product_tag-pallas","14":"first","15":"instock","16":"featured","17":"shipping-taxable","18":"purchasable","19":"product-type-simple"},"_links":{"self":[{"href":"https:\/\/ozon3plus.net\/tr\/wp-json\/wp\/v2\/product\/28472","targetHints":{"allow":["GET"]}}],"collection":[{"href":"https:\/\/ozon3plus.net\/tr\/wp-json\/wp\/v2\/product"}],"about":[{"href":"https:\/\/ozon3plus.net\/tr\/wp-json\/wp\/v2\/types\/product"}],"replies":[{"embeddable":true,"href":"https:\/\/ozon3plus.net\/tr\/wp-json\/wp\/v2\/comments?post=28472"}],"version-history":[{"count":2,"href":"https:\/\/ozon3plus.net\/tr\/wp-json\/wp\/v2\/product\/28472\/revisions"}],"predecessor-version":[{"id":28474,"href":"https:\/\/ozon3plus.net\/tr\/wp-json\/wp\/v2\/product\/28472\/revisions\/28474"}],"wp:featuredmedia":[{"embeddable":true,"href":"https:\/\/ozon3plus.net\/tr\/wp-json\/wp\/v2\/media\/28455"}],"wp:attachment":[{"href":"https:\/\/ozon3plus.net\/tr\/wp-json\/wp\/v2\/media?parent=28472"}],"wp:term":[{"taxonomy":"product_brand","embeddable":true,"href":"https:\/\/ozon3plus.net\/tr\/wp-json\/wp\/v2\/product_brand?post=28472"},{"taxonomy":"product_cat","embeddable":true,"href":"https:\/\/ozon3plus.net\/tr\/wp-json\/wp\/v2\/product_cat?post=28472"},{"taxonomy":"product_tag","embeddable":true,"href":"https:\/\/ozon3plus.net\/tr\/wp-json\/wp\/v2\/product_tag?post=28472"}],"curies":[{"name":"wp","href":"https:\/\/api.w.org\/{rel}","templated":true}]}}