{"id":2790,"date":"2025-02-28T10:04:32","date_gmt":"2025-02-28T10:04:32","guid":{"rendered":"https:\/\/ozon3plus.net\/?post_type=product&#038;p=2790"},"modified":"2025-04-25T13:54:26","modified_gmt":"2025-04-25T13:54:26","slug":"ffdsfds","status":"publish","type":"product","link":"https:\/\/ozon3plus.net\/tr\/urun\/ffdsfds\/","title":{"rendered":"T\u00fcm K\u0131l\u0131fl\u0131 Cihazlarla Uyumlu 5 A\u015famal\u0131 Filtre Seti"},"content":{"rendered":"<p>Kapal\u0131 kasa su ar\u0131tma cihazlar\u0131yla uyumlu 5&#039;li filtre seti; Set: 12 in\u00e7 inline filtre seti. ; \u00dcr\u00fcn fiyat\u0131na membran dahildir.<\/p>","protected":false},"excerpt":{"rendered":"<p>Kapal\u0131 kasa su ar\u0131t\u0131c\u0131lar\u0131 ile uyumlu 5&#039;li filtre seti; Set: 12 in\u00e7 inline filtre seti. ; \u00dcr\u00fcn fiyat\u0131na membran dahildir. ; Set i\u00e7erisinde 5 adet filtre bulunmaktad\u0131r; 1. a\u015fama sediment filtresi; 5 mikron sediment filtresi ilk temizlik a\u015famalar\u0131 olarak d\u00fc\u015f\u00fcn\u00fclebilir. sediment sediment filtresi s\u0131k\u0131\u015ft\u0131r\u0131lm\u0131\u015f ka\u011f\u0131t gibi bir yap\u0131ya sahiptir. Sudaki \u00e7\u00f6z\u00fcnmemi\u015f partik\u00fcller, kir, tortu, kum ar\u0131t\u0131m\u0131 bu ilk filtre ile sa\u011flan\u0131r. Nsf (Ulusal Sanitasyon Vakf\u0131) onayl\u0131 ve yerli \u00fcretimdir. 2. a\u015fama gran\u00fcl aktif karbon filtre; Gran\u00fcl aktif karbon filtre, ters ozmoz filtrasyonunun ikinci a\u015famas\u0131d\u0131r. Sudaki renk, tat ve kimyasal maddeleri tutar. Kaliteli i\u00e7me suyunda bulunmamas\u0131 gereken klor ve di\u011fer kimyasal maddeleri ar\u0131tarak membran filtreyi korur ve ters ozmoz i\u015fleminin kusursuz olmas\u0131n\u0131 sa\u011flar. Nsf (Ulusal Sanitasyon Vakf\u0131) onayl\u0131 ve yerli \u00fcretimdir. 3. a\u015fama blok karbon filtre; Birinci kademe filtreden ge\u00e7mi\u015f olan klor, renk, tat ve koku veren \u00e7\u00f6z\u00fcnm\u00fc\u015f gazlar, art\u0131klar ve organik maddelerin ar\u0131t\u0131m\u0131n\u0131 sa\u011flar. Bu filtre aktif karbondan olu\u015fmu\u015f olup klor, koku, organik kirleticiler, pestisitler ve koku ile tad\u0131 etkileyen kimyasallardan ar\u0131t\u0131lmas\u0131 ama\u00e7lanm\u0131\u015ft\u0131r. Nsf (Ulusal Sanitasyon Vakf\u0131) onayl\u0131 ve yerli \u00fcretimdir. A\u015fama 4 Pallas membran filtre; Orijinal Pallas 80 gpd membran\u0131n en \u00f6nemli \u00f6zelli\u011fi, daha kirli ve iletkenli\u011fi y\u00fcksek sularda bile en iyi ar\u0131t\u0131m\u0131 sa\u011flamas\u0131d\u0131r. Y\u00fcksek bas\u0131n\u00e7 yard\u0131m\u0131yla i\u00e7inden ge\u00e7irilerek nano tortu, partik\u00fcller, a\u011f\u0131r metaller, kimyasallar, vir\u00fcsler, bakteriler, mikroorganizmalar ve kire\u00e7 gibi maddelerin ar\u0131t\u0131m\u0131n\u0131 sa\u011flayan ana membrand\u0131r. Post karbon filtre; Membran filtrede ar\u0131t\u0131lan su safl\u0131\u011f\u0131na yak\u0131n oldu\u011fundan t\u00fcketime kadar ham olarak gelecektir. Bu nedenle tad\u0131n\u0131 iyile\u015ftirmek i\u00e7in tatland\u0131r\u0131c\u0131lar kullan\u0131l\u0131r. Nsf (Ulusal Sanitasyon Vakf\u0131) onayl\u0131 ve yerli \u00fcretimdir. Set \u0130\u00e7eri\u011fi: 1: PP SEDIMENT F\u0130LTRE 2: GAC KARBON F\u0130LTRE 3: CTO BLOK KARBON F\u0130LTRE 4: Pallas Membran 5: Tatland\u0131r\u0131c\u0131 POST KARBON F\u0130LTRE. T\u00fcm kapal\u0131 kasa su ar\u0131tma sistemleriyle uyumludur. ;<\/p>","protected":false},"featured_media":28477,"comment_status":"open","ping_status":"closed","template":"","meta":[],"product_brand":[97],"product_cat":[52,88,43,42],"product_tag":[100,99],"class_list":{"0":"post-2790","1":"product","2":"type-product","3":"status-publish","4":"has-post-thumbnail","6":"product_brand-pallas","7":"product_cat-fresh-water","8":"product_cat-membranes","9":"product_cat-ozon3","10":"product_cat-water-treatment","11":"product_tag-filter","12":"product_tag-membrane","14":"first","15":"instock","16":"sale","17":"shipping-taxable","18":"purchasable","19":"product-type-simple"},"_links":{"self":[{"href":"https:\/\/ozon3plus.net\/tr\/wp-json\/wp\/v2\/product\/2790","targetHints":{"allow":["GET"]}}],"collection":[{"href":"https:\/\/ozon3plus.net\/tr\/wp-json\/wp\/v2\/product"}],"about":[{"href":"https:\/\/ozon3plus.net\/tr\/wp-json\/wp\/v2\/types\/product"}],"replies":[{"embeddable":true,"href":"https:\/\/ozon3plus.net\/tr\/wp-json\/wp\/v2\/comments?post=2790"}],"version-history":[{"count":3,"href":"https:\/\/ozon3plus.net\/tr\/wp-json\/wp\/v2\/product\/2790\/revisions"}],"predecessor-version":[{"id":28479,"href":"https:\/\/ozon3plus.net\/tr\/wp-json\/wp\/v2\/product\/2790\/revisions\/28479"}],"wp:featuredmedia":[{"embeddable":true,"href":"https:\/\/ozon3plus.net\/tr\/wp-json\/wp\/v2\/media\/28477"}],"wp:attachment":[{"href":"https:\/\/ozon3plus.net\/tr\/wp-json\/wp\/v2\/media?parent=2790"}],"wp:term":[{"taxonomy":"product_brand","embeddable":true,"href":"https:\/\/ozon3plus.net\/tr\/wp-json\/wp\/v2\/product_brand?post=2790"},{"taxonomy":"product_cat","embeddable":true,"href":"https:\/\/ozon3plus.net\/tr\/wp-json\/wp\/v2\/product_cat?post=2790"},{"taxonomy":"product_tag","embeddable":true,"href":"https:\/\/ozon3plus.net\/tr\/wp-json\/wp\/v2\/product_tag?post=2790"}],"curies":[{"name":"wp","href":"https:\/\/api.w.org\/{rel}","templated":true}]}}