{"id":270,"date":"2025-04-26T14:54:11","date_gmt":"2025-04-26T14:54:11","guid":{"rendered":"http:\/\/dummy.xtemos.com\/woodmart2\/elementor\/?post_type=product&#038;p=270"},"modified":"2025-05-01T12:53:01","modified_gmt":"2025-05-01T12:53:01","slug":"classic-wooden-chair","status":"publish","type":"product","link":"https:\/\/ozon3plus.net\/tr\/urun\/classic-wooden-chair\/","title":{"rendered":"\u0130plik Filtresi 10\u201d\/20\u201d\/20\u201d jumbo"},"content":{"rendered":"<div data-elementor-type=\"wp-post\" data-elementor-id=\"270\" class=\"elementor elementor-270\" data-elementor-post-type=\"product\">\n\t\t\t\t<div class=\"wd-negative-gap elementor-element elementor-element-f6ae5c4 wd-section-stretch e-flex e-con-boxed e-con e-parent\" data-id=\"f6ae5c4\" data-element_type=\"container\" data-e-type=\"container\" data-settings=\"{&quot;background_background&quot;:&quot;classic&quot;}\">\n\t\t\t\t\t<div class=\"e-con-inner\">\n\t\t<div class=\"elementor-element elementor-element-e613cf7 e-con-full e-flex e-con e-child\" data-id=\"e613cf7\" data-element_type=\"container\" data-e-type=\"container\">\n\t\t\t\t<div class=\"elementor-element elementor-element-744594c elementor-widget elementor-widget-wd_image_or_svg\" data-id=\"744594c\" data-element_type=\"widget\" data-e-type=\"widget\" data-widget_type=\"wd_image_or_svg.default\">\n\t\t\t\t<div class=\"elementor-widget-container\">\n\t\t\t\t\t\n\t\t<div class=\"wd-image text-left\">\n\t\t\t\t\t\t\t\t<img fetchpriority=\"high\" decoding=\"async\" width=\"213\" height=\"237\" src=\"https:\/\/ozon3plus.net\/wp-content\/uploads\/2021\/08\/SPUN1.jpeg\" class=\"attachment-full size-full\" alt=\"\" srcset=\"https:\/\/ozon3plus.net\/wp-content\/uploads\/2021\/08\/SPUN1.jpeg 213w, https:\/\/ozon3plus.net\/wp-content\/uploads\/2021\/08\/SPUN1-150x167.jpeg 150w, https:\/\/ozon3plus.net\/wp-content\/uploads\/2021\/08\/SPUN1-11x12.jpeg 11w\" sizes=\"(max-width: 213px) 100vw, 213px\" \/>\t\t\t\t\t<\/div>\n\n\t\t\t\t\t\t<\/div>\n\t\t\t\t<\/div>\n\t\t\t\t<\/div>\n\t\t<div class=\"elementor-element elementor-element-2862197 e-con-full e-flex e-con e-child\" data-id=\"2862197\" data-element_type=\"container\" data-e-type=\"container\">\n\t\t\t\t<div class=\"elementor-element elementor-element-a70ccdf wd-width-100 elementor-widget elementor-widget-wd_title\" data-id=\"a70ccdf\" data-element_type=\"widget\" data-e-type=\"widget\" data-widget_type=\"wd_title.default\">\n\t\t\t\t<div class=\"elementor-widget-container\">\n\t\t\t\t\t\t\t<div class=\"title-wrapper wd-set-mb reset-last-child wd-title-color-primary wd-title-style-underlined wd-title-size-default text-left\">\n\n\t\t\t\n\t\t\t<div class=\"liner-continer\">\n\t\t\t\t<h4 class=\"woodmart-title-container title wd-fontsize-l\">Sediment filtreleri<\/h4> \n\t\t\t\t\t\t\t<\/div>\n\n\t\t\t\t\t<\/div>\n\t\t\t\t\t\t<\/div>\n\t\t\t\t<\/div>\n\t\t\t\t<div class=\"elementor-element elementor-element-9d6b682 elementor-widget elementor-widget-wd_text_block\" data-id=\"9d6b682\" data-element_type=\"widget\" data-e-type=\"widget\" data-widget_type=\"wd_text_block.default\">\n\t\t\t\t<div class=\"elementor-widget-container\">\n\t\t\t\t\t\t\t<div class=\"wd-text-block reset-last-child text-left\">\n\t\t\t\n\t\t\t<p>F\u0130LTRE EVLER\u0130 \u0130\u00c7\u0130N YEDEK F\u0130LTRE KARTU\u015eLARI - SPUN F\u0130LTRE KARTU\u015eLARI - Spun Kartu\u015f - 10&#039;&#039; - 5 mikron - Partik\u00fcl tutucu (Sediment Filtresi) Sediment tipi filtre (spun), sediment filtrasyonunda kullan\u0131l\u0131r. Bu filtrelerin \u00e7ok geni\u015f bir uygulama alan\u0131 vard\u0131r. Ev ve end\u00fcstriyel tip ters ozmoz \u00fcnitelerinin membranlar\u0131ndan \u00f6nceki son filtre olarak, UV dezenfeksiyon \u00fcnitelerinden \u00f6nceki son g\u00fcvenlik filtresi olarak, filtre kaplar\u0131nda ve \u00e7oklu filtrelerde kullan\u0131l\u0131r.<\/p>\n\t\t\t\t\t<\/div>\n\t\t\t\t\t\t<\/div>\n\t\t\t\t<\/div>\n\t\t\t\t<\/div>\n\t\t<div class=\"elementor-element elementor-element-b564b11 e-con-full e-flex e-con e-child\" data-id=\"b564b11\" data-element_type=\"container\" data-e-type=\"container\">\n\t\t\t\t<div class=\"elementor-element elementor-element-d7cfadf elementor-widget elementor-widget-wd_text_block\" data-id=\"d7cfadf\" data-element_type=\"widget\" data-e-type=\"widget\" data-widget_type=\"wd_text_block.default\">\n\t\t\t\t<div class=\"elementor-widget-container\">\n\t\t\t\t\t\t\t<div class=\"wd-text-block reset-last-child text-left\">\n\t\t\t\n\t\t\t<p>Bunlar, sudaki toz seviyesindeki tortuyu tutan filtrelerdir. K\u00fc\u00e7\u00fck mikron seviyesine sahip filtreler \u00e7ok daha h\u0131zl\u0131 kirlenir ve daha s\u0131k de\u011fi\u015ftirilmesi gerekir. De\u011fi\u015ftirme s\u0131kl\u0131\u011f\u0131, suyun kirlilik ve kullan\u0131m oran\u0131na ba\u011fl\u0131 olarak 1 ay ile 1 y\u0131l aras\u0131nda de\u011fi\u015febilir.<\/p>\n\t\t\t\t\t<\/div>\n\t\t\t\t\t\t<\/div>\n\t\t\t\t<\/div>\n\t\t\t\t<\/div>\n\t\t\t\t\t<\/div>\n\t\t\t\t<\/div>\n\t\t<div class=\"wd-negative-gap elementor-element elementor-element-6ed7fec e-flex e-con-boxed e-con e-parent\" data-id=\"6ed7fec\" data-element_type=\"container\" data-e-type=\"container\">\n\t\t\t\t\t<div class=\"e-con-inner\">\n\t\t<div class=\"elementor-element elementor-element-ca8bc6f e-con-full e-flex e-con e-child\" data-id=\"ca8bc6f\" data-element_type=\"container\" data-e-type=\"container\">\n\t\t\t\t<div class=\"elementor-element elementor-element-ca46ecd wd-width-100 elementor-widget elementor-widget-wd_title\" data-id=\"ca46ecd\" data-element_type=\"widget\" data-e-type=\"widget\" data-widget_type=\"wd_title.default\">\n\t\t\t\t<div class=\"elementor-widget-container\">\n\t\t\t\t\t\t\t<div class=\"title-wrapper wd-set-mb reset-last-child wd-title-color-primary wd-title-style-underlined wd-title-size-default text-left\">\n\n\t\t\t\n\t\t\t<div class=\"liner-continer\">\n\t\t\t\t<h4 class=\"woodmart-title-container title wd-fontsize-l\"><\/h4> \n\t\t\t\t\t\t\t<\/div>\n\n\t\t\t\t\t<\/div>\n\t\t\t\t\t\t<\/div>\n\t\t\t\t<\/div>\n\t\t\t\t<div class=\"elementor-element elementor-element-86aa5f0 elementor-widget elementor-widget-wd_image_or_svg\" data-id=\"86aa5f0\" data-element_type=\"widget\" data-e-type=\"widget\" data-widget_type=\"wd_image_or_svg.default\">\n\t\t\t\t<div class=\"elementor-widget-container\">\n\t\t\t\t\t\n\t\t<div class=\"wd-image text-center\">\n\t\t\t\t\t\t\t\t\t\t\t\t\t<\/div>\n\n\t\t\t\t\t\t<\/div>\n\t\t\t\t<\/div>\n\t\t\t\t<div class=\"elementor-element elementor-element-5dc70c2 elementor-widget elementor-widget-wd_text_block\" data-id=\"5dc70c2\" data-element_type=\"widget\" data-e-type=\"widget\" data-widget_type=\"wd_text_block.default\">\n\t\t\t\t<div class=\"elementor-widget-container\">\n\t\t\t\t\t\t\t<div class=\"wd-text-block reset-last-child text-left\">\n\t\t\t\n\t\t\t\n\t\t\t\t\t<\/div>\n\t\t\t\t\t\t<\/div>\n\t\t\t\t<\/div>\n\t\t\t\t<div class=\"elementor-element elementor-element-deb7900 elementor-widget elementor-widget-wd_image_or_svg\" data-id=\"deb7900\" data-element_type=\"widget\" data-e-type=\"widget\" data-widget_type=\"wd_image_or_svg.default\">\n\t\t\t\t<div class=\"elementor-widget-container\">\n\t\t\t\t\t\n\t\t<div class=\"wd-image text-center\">\n\t\t\t\t\t\t\t\t\t\t\t\t\t<\/div>\n\n\t\t\t\t\t\t<\/div>\n\t\t\t\t<\/div>\n\t\t\t\t<div class=\"elementor-element elementor-element-0437710 elementor-widget elementor-widget-wd_text_block\" data-id=\"0437710\" data-element_type=\"widget\" data-e-type=\"widget\" data-widget_type=\"wd_text_block.default\">\n\t\t\t\t<div class=\"elementor-widget-container\">\n\t\t\t\t\t\t\t<div class=\"wd-text-block reset-last-child text-left\">\n\t\t\t\n\t\t\t<p>Bu filtreler kullan\u0131m \u00f6mrlerinin sonuna geldi\u011finde, yani a\u015f\u0131r\u0131 kirlendi\u011finde, su bas\u0131nc\u0131n\u0131 d\u00fc\u015f\u00fcr\u00fcr ve k\u00f6t\u00fc kokulara neden olabilir. T\u0131kanma veya k\u00f6t\u00fc koku durumunda filtre de\u011fi\u015ftirilmelidir. Bu filtrenin \u00f6mr\u00fcn\u00fc uzatmak i\u00e7in, y\u0131kanabilir ve bu filtreden \u00f6nce kaba tortuyu tutacak ek bir filtre kullanmak filtre maliyetlerinizi d\u00fc\u015f\u00fcrecektir. Filtrelerimiz 52 dereceye kadar su s\u0131cakl\u0131\u011f\u0131nda kullan\u0131labilir ve d\u00fc\u015f\u00fck bas\u0131n\u00e7 kayb\u0131yla y\u00fcksek ak\u0131\u015f sa\u011flar.<\/p><p>\u00a0<\/p>\n\t\t\t\t\t<\/div>\n\t\t\t\t\t\t<\/div>\n\t\t\t\t<\/div>\n\t\t\t\t<div class=\"elementor-element elementor-element-7059f15 wd-width-100 elementor-widget elementor-widget-wd_title\" data-id=\"7059f15\" data-element_type=\"widget\" data-e-type=\"widget\" data-widget_type=\"wd_title.default\">\n\t\t\t\t<div class=\"elementor-widget-container\">\n\t\t\t\t\t\t\t<div class=\"title-wrapper wd-set-mb reset-last-child wd-title-color-primary wd-title-style-underlined wd-title-size-default text-left\">\n\n\t\t\t\n\t\t\t<div class=\"liner-continer\">\n\t\t\t\t<h4 class=\"woodmart-title-container title wd-fontsize-l\"><\/h4> \n\t\t\t\t\t\t\t<\/div>\n\n\t\t\t\t\t<\/div>\n\t\t\t\t\t\t<\/div>\n\t\t\t\t<\/div>\n\t\t\t\t<div class=\"elementor-element elementor-element-5f549f4 elementor-widget elementor-widget-wd_text_block\" data-id=\"5f549f4\" data-element_type=\"widget\" data-e-type=\"widget\" data-widget_type=\"wd_text_block.default\">\n\t\t\t\t<div class=\"elementor-widget-container\">\n\t\t\t\t\t\t\t<div class=\"wd-text-block reset-last-child text-left\">\n\t\t\t\n\t\t\t<p>Bu filtre, sudaki 5 mikrondan b\u00fcy\u00fck t\u00fcm kum, \u00e7ak\u0131l, pas ve kiri tutar. NOT: Bu tip filtre kartu\u015flar\u0131, evlerde veya i\u015f yerlerinde kullan\u0131lan 4, 5, 6 veya 7 filtreden olu\u015fan paket su ar\u0131tma cihazlar\u0131nda kullan\u0131labilir. Ayr\u0131ca, uygun boyutta bo\u015f bir filtre kab\u0131 sat\u0131n al\u0131nabilir ve filtre kab\u0131yla birlikte kuruluma tak\u0131larak kullan\u0131labilir. Kuyu suyu kullanan bir\u00e7ok ev veya i\u015f yerinde 1-2 veya 3 filtre ile su ar\u0131tma sistemi olu\u015fturmak m\u00fcmk\u00fcnd\u00fcr.<\/p><p>\u00a0<\/p>\n\t\t\t\t\t<\/div>\n\t\t\t\t\t\t<\/div>\n\t\t\t\t<\/div>\n\t\t\t\t<\/div>\n\t\t\t\t\t<link rel=\"stylesheet\" id=\"wd-int-elem-opt-sticky-column-css\" href=\"https:\/\/ozon3plus.net\/wp-content\/themes\/woodmart\/css\/parts\/int-elem-opt-sticky-column.min.css?ver=8.1.0\" type=\"text\/css\" media=\"all\" \/> \t\t\t<div class=\"wd-sticky-container-lg elementor-element elementor-element-b10828c elementor-hidden-phone elementor-hidden-tablet e-con-full e-flex e-con e-child\" data-id=\"b10828c\" data-element_type=\"container\" data-e-type=\"container\">\n\t\t\t\t<div class=\"elementor-element elementor-element-24b8ab9 elementor-widget elementor-widget-wd_accordion\" data-id=\"24b8ab9\" data-element_type=\"widget\" data-e-type=\"widget\" data-widget_type=\"wd_accordion.default\">\n\t\t\t\t<div class=\"elementor-widget-container\">\n\t\t\t\t\t\n\t\t<div class=\"wd-accordion wd-style-default wd-titles-left wd-opener-pos-right wd-opener-style-arrow\" data-state=\"first\">\n\t\t\t\t\t\t\t\n\t\t\t\t<div class=\"wd-accordion-item\">\n\t\t\t\t\t<div class=\"wd-accordion-title wd-active\" data-accordion-index=\"0\">\n\t\t\t\t\t\t<div class=\"wd-accordion-title-text\">\n\t\t\t\t\t\t\t\t\t\t\t\t\t\t<span>\n\t\t\t\t\t\t\t\t\t\t\t\t\t\t\t<\/span>\n\t\t\t\t\t\t<\/div>\n\t\t\t\t\t\t<span class=\"wd-accordion-opener\"><\/span>\n\t\t\t\t\t<\/div>\n\n\t\t\t\t\t<div class=\"wd-accordion-content wd-entry-content wd-active\" data-accordion-index=\"0\">\n\t\t\t\t\t\t\t\t\t\t\t\t\t\n\t\t\t\t\t\t\t\n\t\t\t\t\t\t\t\t\t\t\t\t\t\t\t\t\t\t<\/div>\n\t\t\t\t<\/div>\n\t\t\t\t\t<\/div>\n\t\t\t\t\t\t<\/div>\n\t\t\t\t<\/div>\n\t\t\t\t<\/div>\n\t\t\t\t\t<\/div>\n\t\t\t\t<\/div>\n\t\t<div class=\"wd-negative-gap elementor-element elementor-element-5966329 e-flex e-con-boxed e-con e-parent\" data-id=\"5966329\" data-element_type=\"container\" data-e-type=\"container\">\n\t\t\t\t\t<div class=\"e-con-inner\">\n\t\t\t\t<div class=\"elementor-element elementor-element-56b4bbe elementor-widget elementor-widget-wd_image_or_svg\" data-id=\"56b4bbe\" data-element_type=\"widget\" data-e-type=\"widget\" data-widget_type=\"wd_image_or_svg.default\">\n\t\t\t\t<div class=\"elementor-widget-container\">\n\t\t\t\t\t\n\t\t<div class=\"wd-image text-center\">\n\t\t\t\t\t\t\t\t<img decoding=\"async\" width=\"183\" height=\"275\" src=\"https:\/\/ozon3plus.net\/wp-content\/uploads\/2021\/08\/SPUN.jpeg\" class=\"attachment-full size-full\" alt=\"\" srcset=\"https:\/\/ozon3plus.net\/wp-content\/uploads\/2021\/08\/SPUN.jpeg 183w, https:\/\/ozon3plus.net\/wp-content\/uploads\/2021\/08\/SPUN-150x225.jpeg 150w, https:\/\/ozon3plus.net\/wp-content\/uploads\/2021\/08\/SPUN-8x12.jpeg 8w\" sizes=\"(max-width: 183px) 100vw, 183px\" \/>\t\t\t\t\t<\/div>\n\n\t\t\t\t\t\t<\/div>\n\t\t\t\t<\/div>\n\t\t\t\t\t<\/div>\n\t\t\t\t<\/div>\n\t\t<div class=\"wd-negative-gap elementor-element elementor-element-1cac5c6 e-flex e-con-boxed e-con e-parent\" data-id=\"1cac5c6\" data-element_type=\"container\" data-e-type=\"container\">\n\t\t\t\t\t<div class=\"e-con-inner\">\n\t\t<div class=\"elementor-element elementor-element-73b5248 e-con-full e-flex e-con e-child\" data-id=\"73b5248\" data-element_type=\"container\" data-e-type=\"container\">\n\t\t\t\t<\/div>\n\t\t<div class=\"elementor-element elementor-element-065894d e-con-full e-flex e-con e-child\" data-id=\"065894d\" data-element_type=\"container\" data-e-type=\"container\">\n\t\t\t\t<\/div>\n\t\t\t\t<div class=\"elementor-element elementor-element-6044942 elementor-widget elementor-widget-wd_text_block\" data-id=\"6044942\" data-element_type=\"widget\" data-e-type=\"widget\" data-widget_type=\"wd_text_block.default\">\n\t\t\t\t<div class=\"elementor-widget-container\">\n\t\t\t\t\t\t\t<div class=\"wd-text-block reset-last-child text-left\">\n\t\t\t\n\t\t\t<p>F\u0130LTRE MUHAFAZALARI \u0130\u00c7\u0130N YEDEK F\u0130LTRE KARTU\u015eLARI - SPUN F\u0130LTRE KARTU\u015eLARI - SPUN Kartu\u015f - JUMBO - Partik\u00fcl Tutucu (Sediment Filtresi) Sediment tipi filtreler (spun), sediment filtrasyonunda kullan\u0131l\u0131r. Bu filtrelerin \u00e7ok geni\u015f bir uygulama yelpazesi vard\u0131r. Ev ve end\u00fcstriyel ters ozmoz \u00fcnitelerinin membranlar\u0131ndan \u00f6nceki son filtre olarak, UV dezenfeksiyon \u00fcnitelerinden \u00f6nceki son g\u00fcvenlik filtresi olarak, filtre muhafazalar\u0131nda ve \u00e7oklu filtrelerde kullan\u0131l\u0131rlar. Sudaki toz seviyesindeki sedimenti tutan filtrelerdir. K\u00fc\u00e7\u00fck mikron seviyelerine sahip filtreler \u00e7ok daha h\u0131zl\u0131 kirlenir ve daha s\u0131k de\u011fi\u015ftirilmesi gerekir. De\u011fi\u015ftirme s\u0131kl\u0131\u011f\u0131, suyun kirlili\u011fine ve kullan\u0131m oran\u0131na ba\u011fl\u0131 olarak 1 ay ile 1 y\u0131l aras\u0131nda de\u011fi\u015febilir.<\/p>\n\t\t\t\t\t<\/div>\n\t\t\t\t\t\t<\/div>\n\t\t\t\t<\/div>\n\t\t\t\t<div class=\"elementor-element elementor-element-bd305fb elementor-widget elementor-widget-wd_text_block\" data-id=\"bd305fb\" data-element_type=\"widget\" data-e-type=\"widget\" data-widget_type=\"wd_text_block.default\">\n\t\t\t\t<div class=\"elementor-widget-container\">\n\t\t\t\t\t\t\t<div class=\"wd-text-block reset-last-child text-left\">\n\t\t\t\n\t\t\t<p>Bu filtreler kullan\u0131m \u00f6mrlerinin sonuna geldi\u011finde, yani a\u015f\u0131r\u0131 kirlendi\u011finde, su bas\u0131nc\u0131n\u0131 d\u00fc\u015f\u00fcr\u00fcr ve k\u00f6t\u00fc kokuya neden olabilir. T\u0131kanma veya k\u00f6t\u00fc koku durumunda filtre de\u011fi\u015ftirilmelidir. Bu filtrenin \u00f6mr\u00fcn\u00fc uzatmak i\u00e7in, y\u0131kanabilir ve bu filtreden \u00f6nce kaba tortuyu tutacak ek bir filtre kullanmak filtre maliyetlerinizi d\u00fc\u015f\u00fcrecektir. Filtrelerimiz 52 dereceye kadar su s\u0131cakl\u0131klar\u0131nda kullan\u0131labilir ve d\u00fc\u015f\u00fck bas\u0131n\u00e7 kayb\u0131yla y\u00fcksek ak\u0131\u015f sa\u011flar. Bu filtre, sudaki 5 mikrondan b\u00fcy\u00fck t\u00fcm kum, \u00e7ak\u0131l, pas ve kiri tutar. NOT: Bu tip filtre kartu\u015flar\u0131, evlerde veya i\u015f yerlerinde kullan\u0131lan 4, 5, 6 veya 7 filtreden olu\u015fan paket su ar\u0131tma cihazlar\u0131nda kullan\u0131labilir. Ayr\u0131ca, uygun boyutta bo\u015f bir filtre kab\u0131 sat\u0131n al\u0131nabilir ve filtre kab\u0131yla birlikte kuruluma tak\u0131larak kullan\u0131labilir. Kuyu suyu kullanan bir\u00e7ok ev veya i\u015f yerinde 1-2 veya 3 filtre ile su ar\u0131tma sistemi olu\u015fturmak m\u00fcmk\u00fcnd\u00fcr.<\/p>\n\t\t\t\t\t<\/div>\n\t\t\t\t\t\t<\/div>\n\t\t\t\t<\/div>\n\t\t\t\t\t<\/div>\n\t\t\t\t<\/div>\n\t\t\t\t<\/div>","protected":false},"excerpt":{"rendered":"<p>Tortu filtreleri, RO (Ters Ozmoz) cihazlar\u0131nda kullan\u0131lan ve suda bulunan \u00e7amur, pas, kum gibi partik\u00fcllerin sisteme girmesini engelleyen filtrelerdir.<\/p>","protected":false},"featured_media":28589,"comment_status":"open","ping_status":"closed","template":"","meta":[],"product_brand":[110,65],"product_cat":[52,45,95,42],"product_tag":[100,111,112],"class_list":{"0":"post-270","1":"product","2":"type-product","3":"status-publish","4":"has-post-thumbnail","6":"product_brand-aqualine","7":"product_brand-water-treatment","8":"product_cat-fresh-water","9":"product_cat-industrial-water-treatment","10":"product_cat-water-purification-spare-parts","11":"product_cat-water-treatment","12":"product_tag-filter","13":"product_tag-spun","14":"product_tag-wateer","16":"first","17":"instock","18":"sale","19":"shipping-taxable","20":"purchasable","21":"product-type-simple"},"_links":{"self":[{"href":"https:\/\/ozon3plus.net\/tr\/wp-json\/wp\/v2\/product\/270","targetHints":{"allow":["GET"]}}],"collection":[{"href":"https:\/\/ozon3plus.net\/tr\/wp-json\/wp\/v2\/product"}],"about":[{"href":"https:\/\/ozon3plus.net\/tr\/wp-json\/wp\/v2\/types\/product"}],"replies":[{"embeddable":true,"href":"https:\/\/ozon3plus.net\/tr\/wp-json\/wp\/v2\/comments?post=270"}],"version-history":[{"count":8,"href":"https:\/\/ozon3plus.net\/tr\/wp-json\/wp\/v2\/product\/270\/revisions"}],"predecessor-version":[{"id":28602,"href":"https:\/\/ozon3plus.net\/tr\/wp-json\/wp\/v2\/product\/270\/revisions\/28602"}],"wp:featuredmedia":[{"embeddable":true,"href":"https:\/\/ozon3plus.net\/tr\/wp-json\/wp\/v2\/media\/28589"}],"wp:attachment":[{"href":"https:\/\/ozon3plus.net\/tr\/wp-json\/wp\/v2\/media?parent=270"}],"wp:term":[{"taxonomy":"product_brand","embeddable":true,"href":"https:\/\/ozon3plus.net\/tr\/wp-json\/wp\/v2\/product_brand?post=270"},{"taxonomy":"product_cat","embeddable":true,"href":"https:\/\/ozon3plus.net\/tr\/wp-json\/wp\/v2\/product_cat?post=270"},{"taxonomy":"product_tag","embeddable":true,"href":"https:\/\/ozon3plus.net\/tr\/wp-json\/wp\/v2\/product_tag?post=270"}],"curies":[{"name":"wp","href":"https:\/\/api.w.org\/{rel}","templated":true}]}}